{"id":159,"date":"2024-12-10T08:36:35","date_gmt":"2024-12-10T08:36:35","guid":{"rendered":"https:\/\/labo-dental.com\/?page_id=159"},"modified":"2025-09-28T06:43:10","modified_gmt":"2025-09-28T06:43:10","slug":"votre-camera-intra-orale","status":"publish","type":"page","link":"https:\/\/labo-dental.com\/?page_id=159","title":{"rendered":"Votre cam\u00e9ra intra-orale"},"content":{"rendered":"\t\t<div data-elementor-type=\"wp-page\" data-elementor-id=\"159\" class=\"elementor elementor-159\" data-elementor-post-type=\"page\">\n\t\t\t\t<div class=\"elementor-element elementor-element-0f2c650 e-flex e-con-boxed e-con e-parent\" data-id=\"0f2c650\" data-element_type=\"container\" data-e-type=\"container\" data-settings=\"{&quot;background_background&quot;:&quot;gradient&quot;}\">\n\t\t\t\t\t<div class=\"e-con-inner\">\n\t\t<div class=\"elementor-element elementor-element-2c81a22 e-con-full e-flex e-con e-child\" data-id=\"2c81a22\" data-element_type=\"container\" data-e-type=\"container\" data-settings=\"{&quot;background_background&quot;:&quot;gradient&quot;}\">\n\t\t\t\t<div class=\"elementor-element elementor-element-8892732 elementor-widget__width-initial elementor-widget-tablet__width-inherit elementor-widget elementor-widget-heading\" data-id=\"8892732\" data-element_type=\"widget\" data-e-type=\"widget\" data-widget_type=\"heading.default\">\n\t\t\t\t<div class=\"elementor-widget-container\">\n\t\t\t\t\t<h2 class=\"elementor-heading-title elementor-size-default\">Votre cam\u00e9ra intra-orale<\/h2>\t\t\t\t<\/div>\n\t\t\t\t<\/div>\n\t\t\t\t<div class=\"elementor-element elementor-element-6db7839 elementor-widget elementor-widget-heading\" data-id=\"6db7839\" data-element_type=\"widget\" data-e-type=\"widget\" data-widget_type=\"heading.default\">\n\t\t\t\t<div class=\"elementor-widget-container\">\n\t\t\t\t\t<h2 class=\"elementor-heading-title elementor-size-default\">Alliez innovation et s\u00e9r\u00e9nit\u00e9 avec Labo Dental et Euromax Monaco.<\/h2>\t\t\t\t<\/div>\n\t\t\t\t<\/div>\n\t\t\t\t<div class=\"elementor-element elementor-element-e3015c0 elementor-widget elementor-widget-text-editor\" data-id=\"e3015c0\" data-element_type=\"widget\" data-e-type=\"widget\" data-widget_type=\"text-editor.default\">\n\t\t\t\t<div class=\"elementor-widget-container\">\n\t\t\t\t\t\t\t\t\t<p style=\"direction: ltr; text-align: left;\">Les cam\u00e9ras intra-orales de derni\u00e8re g\u00e9n\u00e9ration associent pr\u00e9cision, rapidit\u00e9 et confort pour vos patients. <br data-start=\"1297\" data-end=\"1300\" \/>Gr\u00e2ce \u00e0 notre partenariat exclusif, vous b\u00e9n\u00e9ficiez d\u2019une solution cl\u00e9 en main : \u00e9quipement haut de gamme, formation personnalis\u00e9e et conditions financi\u00e8res adapt\u00e9es \u00e0 votre activit\u00e9.<\/p>\t\t\t\t\t\t\t\t<\/div>\n\t\t\t\t<\/div>\n\t\t<div class=\"elementor-element elementor-element-e439d2d e-con-full e-flex e-con e-child\" data-id=\"e439d2d\" data-element_type=\"container\" data-e-type=\"container\">\n\t\t<div class=\"elementor-element elementor-element-1d047c3 e-con-full e-flex e-con e-child\" data-id=\"1d047c3\" data-element_type=\"container\" data-e-type=\"container\">\n\t\t\t\t<div class=\"elementor-element elementor-element-af0df8a elementor-align-center elementor-widget elementor-widget-button\" data-id=\"af0df8a\" data-element_type=\"widget\" data-e-type=\"widget\" data-widget_type=\"button.default\">\n\t\t\t\t<div class=\"elementor-widget-container\">\n\t\t\t\t\t\t\t\t\t<div class=\"elementor-button-wrapper\">\n\t\t\t\t\t<a class=\"elementor-button elementor-button-link elementor-size-sm\" href=\"https:\/\/labo-dental.com\/wp-content\/uploads\/2025\/09\/Convention-de-credit-prothetique-en-lien-avec-le-leasing-dune-camera-dempreinte-optique.pdf\" target=\"_blank\">\n\t\t\t\t\t\t<span class=\"elementor-button-content-wrapper\">\n\t\t\t\t\t\t<span class=\"elementor-button-icon\">\n\t\t\t\t<svg aria-hidden=\"true\" class=\"e-font-icon-svg e-fas-feather-alt\" viewBox=\"0 0 512 512\" xmlns=\"http:\/\/www.w3.org\/2000\/svg\"><path d=\"M512 0C460.22 3.56 96.44 38.2 71.01 287.61c-3.09 26.66-4.84 53.44-5.99 80.24l178.87-178.69c6.25-6.25 16.4-6.25 22.65 0s6.25 16.38 0 22.63L7.04 471.03c-9.38 9.37-9.38 24.57 0 33.94 9.38 9.37 24.59 9.37 33.98 0l57.13-57.07c42.09-.14 84.15-2.53 125.96-7.36 53.48-5.44 97.02-26.47 132.58-56.54H255.74l146.79-48.88c11.25-14.89 21.37-30.71 30.45-47.12h-81.14l106.54-53.21C500.29 132.86 510.19 26.26 512 0z\"><\/path><\/svg>\t\t\t<\/span>\n\t\t\t\t\t\t\t\t\t<span class=\"elementor-button-text\">Contrat<\/span>\n\t\t\t\t\t<\/span>\n\t\t\t\t\t<\/a>\n\t\t\t\t<\/div>\n\t\t\t\t\t\t\t\t<\/div>\n\t\t\t\t<\/div>\n\t\t\t\t<\/div>\n\t\t\t\t<\/div>\n\t\t\t\t<\/div>\n\t\t\t\t\t<\/div>\n\t\t\t\t<\/div>\n\t\t\t\t<\/div>\n\t\t","protected":false},"excerpt":{"rendered":"<p>Votre cam\u00e9ra intra-orale Alliez innovation et s\u00e9r\u00e9nit\u00e9 avec Labo Dental et Euromax Monaco. Les cam\u00e9ras intra-orales de derni\u00e8re g\u00e9n\u00e9ration associent pr\u00e9cision, rapidit\u00e9 et confort pour vos patients. Gr\u00e2ce \u00e0 notre partenariat exclusif, vous b\u00e9n\u00e9ficiez d\u2019une solution cl\u00e9 en main : \u00e9quipement haut de gamme, formation personnalis\u00e9e et conditions financi\u00e8res adapt\u00e9es \u00e0 votre activit\u00e9. Contrat<\/p>\n","protected":false},"author":1,"featured_media":0,"parent":0,"menu_order":0,"comment_status":"closed","ping_status":"closed","template":"","meta":{"footnotes":""},"class_list":["post-159","page","type-page","status-publish","hentry"],"amp_enabled":true,"_links":{"self":[{"href":"https:\/\/labo-dental.com\/index.php?rest_route=\/wp\/v2\/pages\/159","targetHints":{"allow":["GET"]}}],"collection":[{"href":"https:\/\/labo-dental.com\/index.php?rest_route=\/wp\/v2\/pages"}],"about":[{"href":"https:\/\/labo-dental.com\/index.php?rest_route=\/wp\/v2\/types\/page"}],"author":[{"embeddable":true,"href":"https:\/\/labo-dental.com\/index.php?rest_route=\/wp\/v2\/users\/1"}],"replies":[{"embeddable":true,"href":"https:\/\/labo-dental.com\/index.php?rest_route=%2Fwp%2Fv2%2Fcomments&post=159"}],"version-history":[{"count":31,"href":"https:\/\/labo-dental.com\/index.php?rest_route=\/wp\/v2\/pages\/159\/revisions"}],"predecessor-version":[{"id":2100,"href":"https:\/\/labo-dental.com\/index.php?rest_route=\/wp\/v2\/pages\/159\/revisions\/2100"}],"wp:attachment":[{"href":"https:\/\/labo-dental.com\/index.php?rest_route=%2Fwp%2Fv2%2Fmedia&parent=159"}],"curies":[{"name":"wp","href":"https:\/\/api.w.org\/{rel}","templated":true}]}}