{"id":161,"date":"2024-12-10T08:37:05","date_gmt":"2024-12-10T08:37:05","guid":{"rendered":"https:\/\/labo-dental.com\/?page_id=161"},"modified":"2025-10-15T05:56:41","modified_gmt":"2025-10-15T05:56:41","slug":"service-apres-vente","status":"publish","type":"page","link":"https:\/\/labo-dental.com\/?page_id=161","title":{"rendered":"Service apr\u00e8s-vente"},"content":{"rendered":"\t\t<div data-elementor-type=\"wp-page\" data-elementor-id=\"161\" class=\"elementor elementor-161\" data-elementor-post-type=\"page\">\n\t\t\t\t<div class=\"elementor-element elementor-element-26ec48c e-flex e-con-boxed e-con e-parent\" data-id=\"26ec48c\" data-element_type=\"container\" data-e-type=\"container\">\n\t\t\t\t\t<div class=\"e-con-inner\">\n\t\t\t\t<div class=\"elementor-element elementor-element-6cb5a3a elementor-widget elementor-widget-html\" data-id=\"6cb5a3a\" data-element_type=\"widget\" data-e-type=\"widget\" data-widget_type=\"html.default\">\n\t\t\t\t<div class=\"elementor-widget-container\">\n\t\t\t\t\t<div id=\"top\"><\/div>\t\t\t\t<\/div>\n\t\t\t\t<\/div>\n\t\t\t\t\t<\/div>\n\t\t\t\t<\/div>\n\t\t<div class=\"elementor-element elementor-element-2fe5ef53 e-con-full e-flex e-con e-parent\" data-id=\"2fe5ef53\" data-element_type=\"container\" data-e-type=\"container\" data-settings=\"{&quot;background_background&quot;:&quot;gradient&quot;}\">\n\t\t\t\t<div class=\"elementor-element elementor-element-c037273 elementor-widget elementor-widget-heading\" data-id=\"c037273\" data-element_type=\"widget\" data-e-type=\"widget\" data-widget_type=\"heading.default\">\n\t\t\t\t<div class=\"elementor-widget-container\">\n\t\t\t\t\t<h2 class=\"elementor-heading-title elementor-size-default\">Service Apr\u00e8s-Vente (SAV) -<br>\n\nUne Assistance Fluide, Intelligente et In\u00e9gal\u00e9e pour nos Praticiens\n<\/h2>\t\t\t\t<\/div>\n\t\t\t\t<\/div>\n\t\t\t\t<div class=\"elementor-element elementor-element-b188a44 elementor-widget elementor-widget-text-editor\" data-id=\"b188a44\" data-element_type=\"widget\" data-e-type=\"widget\" data-widget_type=\"text-editor.default\">\n\t\t\t\t<div class=\"elementor-widget-container\">\n\t\t\t\t\t\t\t\t\t<p>Chez Labo Dental, chaque cas est suivi avec exigence et bienveillance.<\/p><p>Notre service apr\u00e8s-vente est pens\u00e9 pour vous faire gagner du temps tout en assurant une continuit\u00e9 parfaite.<\/p><p>Plus qu\u2019un simple SAV, c\u2019est un accompagnement proactif, personnalis\u00e9 et sans stress pour vous permettre de rester concentr\u00e9e sur l\u2019essentiel : vos patients.<\/p>\t\t\t\t\t\t\t\t<\/div>\n\t\t\t\t<\/div>\n\t\t\t\t<div class=\"elementor-element elementor-element-a2645d4 elementor-widget-divider--view-line elementor-widget elementor-widget-divider\" data-id=\"a2645d4\" data-element_type=\"widget\" data-e-type=\"widget\" data-widget_type=\"divider.default\">\n\t\t\t\t<div class=\"elementor-widget-container\">\n\t\t\t\t\t\t\t<div class=\"elementor-divider\">\n\t\t\t<span class=\"elementor-divider-separator\">\n\t\t\t\t\t\t<\/span>\n\t\t<\/div>\n\t\t\t\t\t\t<\/div>\n\t\t\t\t<\/div>\n\t\t<div class=\"elementor-element elementor-element-ca1f2eb e-flex e-con-boxed e-con e-child\" data-id=\"ca1f2eb\" data-element_type=\"container\" data-e-type=\"container\">\n\t\t\t\t\t<div class=\"e-con-inner\">\n\t\t<div class=\"elementor-element elementor-element-83f5c28 e-con-full e-flex e-con e-child\" data-id=\"83f5c28\" data-element_type=\"container\" data-e-type=\"container\">\n\t\t\t\t<div class=\"elementor-element elementor-element-94c5f2a elementor-widget elementor-widget-heading\" data-id=\"94c5f2a\" data-element_type=\"widget\" data-e-type=\"widget\" data-widget_type=\"heading.default\">\n\t\t\t\t<div class=\"elementor-widget-container\">\n\t\t\t\t\t<h2 class=\"elementor-heading-title elementor-size-default\">Nos engagements SAV :\n<\/h2>\t\t\t\t<\/div>\n\t\t\t\t<\/div>\n\t\t\t\t<div class=\"elementor-element elementor-element-d5bae89 elementor-widget elementor-widget-text-editor\" data-id=\"d5bae89\" data-element_type=\"widget\" data-e-type=\"widget\" data-widget_type=\"text-editor.default\">\n\t\t\t\t<div class=\"elementor-widget-container\">\n\t\t\t\t\t\t\t\t\t<p>Relance imm\u00e9diate et simplifi\u00e9e ! <br \/>D\u00e8s validation via WhatsApp ou notre plateforme, nous relan\u00e7ons la production sans d\u00e9lai. Vous pouvez, si vous le souhaitez, poser le travail en provisoire sans avoir besoin de nous\u00a0le\u00a0retourner.<\/p>\t\t\t\t\t\t\t\t<\/div>\n\t\t\t\t<\/div>\n\t\t\t\t<\/div>\n\t\t\t\t<div class=\"elementor-element elementor-element-320e01c elementor-align-center elementor-widget__width-initial elementor-widget elementor-widget-button\" data-id=\"320e01c\" data-element_type=\"widget\" data-e-type=\"widget\" data-widget_type=\"button.default\">\n\t\t\t\t<div class=\"elementor-widget-container\">\n\t\t\t\t\t\t\t\t\t<div class=\"elementor-button-wrapper\">\n\t\t\t\t\t<a class=\"elementor-button elementor-button-link elementor-size-sm\" href=\"https:\/\/labo-dental.com\/wp-content\/uploads\/2025\/09\/CGV-Labo-Dental-2026-123-1.pdf\" target=\"_blank\">\n\t\t\t\t\t\t<span class=\"elementor-button-content-wrapper\">\n\t\t\t\t\t\t\t\t\t<span class=\"elementor-button-text\">T\u00e9l\u00e9charger les CGV<\/span>\n\t\t\t\t\t<\/span>\n\t\t\t\t\t<\/a>\n\t\t\t\t<\/div>\n\t\t\t\t\t\t\t\t<\/div>\n\t\t\t\t<\/div>\n\t\t\t\t\t<\/div>\n\t\t\t\t<\/div>\n\t\t\t\t<\/div>\n\t\t<div class=\"elementor-element elementor-element-42ef0cd e-flex e-con-boxed e-con e-parent\" data-id=\"42ef0cd\" data-element_type=\"container\" data-e-type=\"container\">\n\t\t\t\t\t<div class=\"e-con-inner\">\n\t\t<div class=\"elementor-element elementor-element-cd2d780 e-con-full e-flex e-con e-child\" data-id=\"cd2d780\" data-element_type=\"container\" data-e-type=\"container\">\n\t\t<div class=\"elementor-element elementor-element-349a6c8 e-con-full e-flex e-con e-child\" data-id=\"349a6c8\" data-element_type=\"container\" data-e-type=\"container\">\n\t\t\t\t<div class=\"elementor-element elementor-element-546e40e elementor-widget elementor-widget-heading\" data-id=\"546e40e\" data-element_type=\"widget\" data-e-type=\"widget\" data-widget_type=\"heading.default\">\n\t\t\t\t<div class=\"elementor-widget-container\">\n\t\t\t\t\t<h2 class=\"elementor-heading-title elementor-size-default\">Reprise simplifi\u00e9e : comment \u00e7a fonctionne ?\n<\/h2>\t\t\t\t<\/div>\n\t\t\t\t<\/div>\n\t\t\t\t<div class=\"elementor-element elementor-element-cccc75b elementor-widget__width-initial elementor-widget elementor-widget-text-editor\" data-id=\"cccc75b\" data-element_type=\"widget\" data-e-type=\"widget\" data-widget_type=\"text-editor.default\">\n\t\t\t\t<div class=\"elementor-widget-container\">\n\t\t\t\t\t\t\t\t\t<div><p>Envoyez une photo ou une vid\u00e9o du cas via WhatsApp ou notre plateforme.<\/p><\/div><div>Indiquez clairement qu\u2019il s\u2019agit d\u2019un SAV sur la nouvelle prescription.<\/div><div>\u00a0<\/div><div>Avec inlay core:\u00a0<\/div><div>Il est imp\u00e9ratif de refaire une empreinte avec les inlay core pos\u00e9s en bouche.<\/div><div>\u00a0<\/div><div>Sur implant :\u00a0<\/div><div>Une nouvelle empreinte est indispensable avec le pilier en bouche.<\/div><div>\u00a0<\/div><div>Sur un seul des deux appareils fournis :\u00a0<\/div><div>Une nouvelle empreinte est n\u00e9cessaire avec l\u2019appareil correct en bouche et l\u2019occlusion.<\/div>\t\t\t\t\t\t\t\t<\/div>\n\t\t\t\t<\/div>\n\t\t\t\t<\/div>\n\t\t\t\t<\/div>\n\t\t<div class=\"elementor-element elementor-element-0627ff1 e-con-full e-flex e-con e-child\" data-id=\"0627ff1\" data-element_type=\"container\" data-e-type=\"container\">\n\t\t\t\t<div class=\"elementor-element elementor-element-dc0e1a3 elementor-widget elementor-widget-image\" data-id=\"dc0e1a3\" data-element_type=\"widget\" data-e-type=\"widget\" data-widget_type=\"image.default\">\n\t\t\t\t<div class=\"elementor-widget-container\">\n\t\t\t\t\t\t\t\t\t\t\t\t\t\t\t<img decoding=\"async\" data-src=\"https:\/\/labo-dental.com\/wp-content\/uploads\/elementor\/thumbs\/sav-rb68xtqu2tvwnj0m9fd74tjludbbn2h4x8zmxjac9s.png\" title=\"sav\" alt=\"sav\" src=\"data:image\/svg+xml;base64,PHN2ZyB3aWR0aD0iMSIgaGVpZ2h0PSIxIiB4bWxucz0iaHR0cDovL3d3dy53My5vcmcvMjAwMC9zdmciPjwvc3ZnPg==\" class=\"lazyload\" style=\"--smush-placeholder-width: 400px; --smush-placeholder-aspect-ratio: 400\/400;\" \/>\t\t\t\t\t\t\t\t\t\t\t\t\t\t\t<\/div>\n\t\t\t\t<\/div>\n\t\t\t\t<\/div>\n\t\t\t\t\t<\/div>\n\t\t\t\t<\/div>\n\t\t<div class=\"elementor-element elementor-element-f6c0f86 e-flex e-con-boxed e-con e-parent\" data-id=\"f6c0f86\" data-element_type=\"container\" data-e-type=\"container\">\n\t\t\t\t\t<div class=\"e-con-inner\">\n\t\t\t\t<div class=\"elementor-element elementor-element-2ed2f6c elementor-widget-divider--view-line elementor-widget elementor-widget-divider\" data-id=\"2ed2f6c\" data-element_type=\"widget\" data-e-type=\"widget\" data-widget_type=\"divider.default\">\n\t\t\t\t<div class=\"elementor-widget-container\">\n\t\t\t\t\t\t\t<div class=\"elementor-divider\">\n\t\t\t<span class=\"elementor-divider-separator\">\n\t\t\t\t\t\t<\/span>\n\t\t<\/div>\n\t\t\t\t\t\t<\/div>\n\t\t\t\t<\/div>\n\t\t\t\t\t<\/div>\n\t\t\t\t<\/div>\n\t\t<div class=\"elementor-element elementor-element-f95619a e-flex e-con-boxed e-con e-parent\" data-id=\"f95619a\" data-element_type=\"container\" data-e-type=\"container\">\n\t\t\t\t\t<div class=\"e-con-inner\">\n\t\t<div class=\"elementor-element elementor-element-30679e0 e-con-full e-flex e-con e-child\" data-id=\"30679e0\" data-element_type=\"container\" data-e-type=\"container\">\n\t\t\t\t<div class=\"elementor-element elementor-element-7a74e5d elementor-widget elementor-widget-heading\" data-id=\"7a74e5d\" data-element_type=\"widget\" data-e-type=\"widget\" data-widget_type=\"heading.default\">\n\t\t\t\t<div class=\"elementor-widget-container\">\n\t\t\t\t\t<h2 class=\"elementor-heading-title elementor-size-default\">Ce que nous garantissons sur reprise SAV\n<\/h2>\t\t\t\t<\/div>\n\t\t\t\t<\/div>\n\t\t\t\t<\/div>\n\t\t<div class=\"elementor-element elementor-element-b51b24a e-con-full e-flex e-con e-child\" data-id=\"b51b24a\" data-element_type=\"container\" data-e-type=\"container\">\n\t\t\t\t<div class=\"elementor-element elementor-element-64c44eb elementor-widget elementor-widget-heading\" data-id=\"64c44eb\" data-element_type=\"widget\" data-e-type=\"widget\" data-widget_type=\"heading.default\">\n\t\t\t\t<div class=\"elementor-widget-container\">\n\t\t\t\t\t<h2 class=\"elementor-heading-title elementor-size-default\">Pourquoi nous faire confiance ?\n<\/h2>\t\t\t\t<\/div>\n\t\t\t\t<\/div>\n\t\t\t\t<\/div>\n\t\t<div class=\"elementor-element elementor-element-29896e9 e-con-full e-flex e-con e-child\" data-id=\"29896e9\" data-element_type=\"container\" data-e-type=\"container\">\n\t\t\t\t<div class=\"elementor-element elementor-element-c2a67b8 elementor-widget elementor-widget-text-editor\" data-id=\"c2a67b8\" data-element_type=\"widget\" data-e-type=\"widget\" data-widget_type=\"text-editor.default\">\n\t\t\t\t<div class=\"elementor-widget-container\">\n\t\t\t\t\t\t\t\t\t<div><b>Sur proth\u00e8se mobile<\/b><\/div><div>\u2022Crochets<\/div><div>\u2022R\u00e9tention<\/div><div>\u2022Occlusion (montage esth\u00e9tique valid\u00e9).<\/div><div>\u2022Teinte<\/div><div>\u00a0<\/div><div><b>Sur proth\u00e8se fixe (\u00e0 partir de l\u2019empreinte initiale)<\/b><\/div><div>\u2022Embrasures<\/div><div>\u2022Occlusion<\/div><div>\u2022Points de contact<\/div><div>\u2022Teinte<\/div><div>\u2022Marges \/ limites<\/div><div>\u2022R\u00e9sistance \/ Casse<\/div>\t\t\t\t\t\t\t\t<\/div>\n\t\t\t\t<\/div>\n\t\t\t\t<\/div>\n\t\t<div class=\"elementor-element elementor-element-4e7a670 e-con-full e-flex e-con e-child\" data-id=\"4e7a670\" data-element_type=\"container\" data-e-type=\"container\">\n\t\t\t\t<div class=\"elementor-element elementor-element-5d21e0a elementor-widget elementor-widget-text-editor\" data-id=\"5d21e0a\" data-element_type=\"widget\" data-e-type=\"widget\" data-widget_type=\"text-editor.default\">\n\t\t\t\t<div class=\"elementor-widget-container\">\n\t\t\t\t\t\t\t\t\t<p>Parce que chez Labo Dental, le SAV fait partie int\u00e9grante de notre engagement qualit\u00e9 et tranquillit\u00e9 d&rsquo;esprit.<br \/>Nous savons \u00e0 quel point la r\u00e9activit\u00e9, la clart\u00e9 et la confiance sont essentielles pour votre quotidien au fauteuil.<br \/>Notre r\u00f4le : vous soulager, vous accompagner, et toujours trouver la solution\u00a0la\u00a0plus\u00a0fluide.<\/p>\t\t\t\t\t\t\t\t<\/div>\n\t\t\t\t<\/div>\n\t\t\t\t<\/div>\n\t\t\t\t\t<\/div>\n\t\t\t\t<\/div>\n\t\t<div class=\"elementor-element elementor-element-c83d1ff e-flex e-con-boxed e-con e-parent\" data-id=\"c83d1ff\" data-element_type=\"container\" data-e-type=\"container\">\n\t\t\t\t\t<div class=\"e-con-inner\">\n\t\t\t\t<div class=\"elementor-element elementor-element-18faf3d elementor-widget-divider--view-line elementor-widget elementor-widget-divider\" data-id=\"18faf3d\" data-element_type=\"widget\" data-e-type=\"widget\" data-widget_type=\"divider.default\">\n\t\t\t\t<div class=\"elementor-widget-container\">\n\t\t\t\t\t\t\t<div class=\"elementor-divider\">\n\t\t\t<span class=\"elementor-divider-separator\">\n\t\t\t\t\t\t<\/span>\n\t\t<\/div>\n\t\t\t\t\t\t<\/div>\n\t\t\t\t<\/div>\n\t\t\t\t<div class=\"elementor-element elementor-element-8860baf elementor-widget elementor-widget-heading\" data-id=\"8860baf\" data-element_type=\"widget\" data-e-type=\"widget\" data-widget_type=\"heading.default\">\n\t\t\t\t<div class=\"elementor-widget-container\">\n\t\t\t\t\t<h2 class=\"elementor-heading-title elementor-size-default\">Labo Dental : Parce qu\u2019un excellent service apr\u00e8s-vente fait toute la diff\u00e9rence.<\/h2>\t\t\t\t<\/div>\n\t\t\t\t<\/div>\n\t\t\t\t<div class=\"elementor-element elementor-element-7a748b3 elementor-align-center animated-slow elementor-button-info elementor-invisible elementor-widget elementor-widget-button\" data-id=\"7a748b3\" data-element_type=\"widget\" data-e-type=\"widget\" data-settings=\"{&quot;_animation&quot;:&quot;fadeIn&quot;}\" data-widget_type=\"button.default\">\n\t\t\t\t<div class=\"elementor-widget-container\">\n\t\t\t\t\t\t\t\t\t<div class=\"elementor-button-wrapper\">\n\t\t\t\t\t<a class=\"elementor-button elementor-button-link elementor-size-sm\" href=\"https:\/\/labo-dental.com\/?page_id=151\">\n\t\t\t\t\t\t<span class=\"elementor-button-content-wrapper\">\n\t\t\t\t\t\t\t\t\t<span class=\"elementor-button-text\">Contactez-nous<\/span>\n\t\t\t\t\t<\/span>\n\t\t\t\t\t<\/a>\n\t\t\t\t<\/div>\n\t\t\t\t\t\t\t\t<\/div>\n\t\t\t\t<\/div>\n\t\t\t\t\t<\/div>\n\t\t\t\t<\/div>\n\t\t<div class=\"elementor-element elementor-element-e0c0415 e-flex e-con-boxed e-con e-parent\" data-id=\"e0c0415\" data-element_type=\"container\" data-e-type=\"container\">\n\t\t\t\t\t<div class=\"e-con-inner\">\n\t\t\t\t<div class=\"elementor-element elementor-element-2b59e52 elementor-align-right elementor-widget elementor-widget-button\" data-id=\"2b59e52\" data-element_type=\"widget\" data-e-type=\"widget\" data-widget_type=\"button.default\">\n\t\t\t\t<div class=\"elementor-widget-container\">\n\t\t\t\t\t\t\t\t\t<div class=\"elementor-button-wrapper\">\n\t\t\t\t\t<a class=\"elementor-button elementor-button-link elementor-size-sm\" href=\"#top\">\n\t\t\t\t\t\t<span class=\"elementor-button-content-wrapper\">\n\t\t\t\t\t\t<span class=\"elementor-button-icon\">\n\t\t\t\t<svg aria-hidden=\"true\" class=\"e-font-icon-svg e-fas-angle-double-up\" viewBox=\"0 0 320 512\" xmlns=\"http:\/\/www.w3.org\/2000\/svg\"><path d=\"M177 255.7l136 136c9.4 9.4 9.4 24.6 0 33.9l-22.6 22.6c-9.4 9.4-24.6 9.4-33.9 0L160 351.9l-96.4 96.4c-9.4 9.4-24.6 9.4-33.9 0L7 425.7c-9.4-9.4-9.4-24.6 0-33.9l136-136c9.4-9.5 24.6-9.5 34-.1zm-34-192L7 199.7c-9.4 9.4-9.4 24.6 0 33.9l22.6 22.6c9.4 9.4 24.6 9.4 33.9 0l96.4-96.4 96.4 96.4c9.4 9.4 24.6 9.4 33.9 0l22.6-22.6c9.4-9.4 9.4-24.6 0-33.9l-136-136c-9.2-9.4-24.4-9.4-33.8 0z\"><\/path><\/svg>\t\t\t<\/span>\n\t\t\t\t\t\t\t\t<\/span>\n\t\t\t\t\t<\/a>\n\t\t\t\t<\/div>\n\t\t\t\t\t\t\t\t<\/div>\n\t\t\t\t<\/div>\n\t\t\t\t\t<\/div>\n\t\t\t\t<\/div>\n\t\t\t\t<\/div>\n\t\t","protected":false},"excerpt":{"rendered":"<p>Service Apr\u00e8s-Vente (SAV) &#8211; Une Assistance Fluide, Intelligente et In\u00e9gal\u00e9e pour nos Praticiens Chez Labo Dental, chaque cas est suivi avec exigence et bienveillance. Notre service apr\u00e8s-vente est pens\u00e9 pour vous faire gagner du temps tout en assurant une continuit\u00e9 parfaite. Plus qu\u2019un simple SAV, c\u2019est un accompagnement proactif, personnalis\u00e9 et sans stress pour vous [&hellip;]<\/p>\n","protected":false},"author":1,"featured_media":0,"parent":0,"menu_order":0,"comment_status":"closed","ping_status":"closed","template":"","meta":{"footnotes":""},"class_list":["post-161","page","type-page","status-publish","hentry"],"amp_enabled":true,"_links":{"self":[{"href":"https:\/\/labo-dental.com\/index.php?rest_route=\/wp\/v2\/pages\/161","targetHints":{"allow":["GET"]}}],"collection":[{"href":"https:\/\/labo-dental.com\/index.php?rest_route=\/wp\/v2\/pages"}],"about":[{"href":"https:\/\/labo-dental.com\/index.php?rest_route=\/wp\/v2\/types\/page"}],"author":[{"embeddable":true,"href":"https:\/\/labo-dental.com\/index.php?rest_route=\/wp\/v2\/users\/1"}],"replies":[{"embeddable":true,"href":"https:\/\/labo-dental.com\/index.php?rest_route=%2Fwp%2Fv2%2Fcomments&post=161"}],"version-history":[{"count":112,"href":"https:\/\/labo-dental.com\/index.php?rest_route=\/wp\/v2\/pages\/161\/revisions"}],"predecessor-version":[{"id":2154,"href":"https:\/\/labo-dental.com\/index.php?rest_route=\/wp\/v2\/pages\/161\/revisions\/2154"}],"wp:attachment":[{"href":"https:\/\/labo-dental.com\/index.php?rest_route=%2Fwp%2Fv2%2Fmedia&parent=161"}],"curies":[{"name":"wp","href":"https:\/\/api.w.org\/{rel}","templated":true}]}}