{"id":2030,"date":"2025-09-14T10:28:02","date_gmt":"2025-09-14T10:28:02","guid":{"rendered":"https:\/\/labo-dental.com\/?page_id=2030"},"modified":"2025-10-15T06:32:17","modified_gmt":"2025-10-15T06:32:17","slug":"faq","status":"publish","type":"page","link":"https:\/\/labo-dental.com\/?page_id=2030","title":{"rendered":"FAQ"},"content":{"rendered":"\t\t<div data-elementor-type=\"wp-page\" data-elementor-id=\"2030\" class=\"elementor elementor-2030\" data-elementor-post-type=\"page\">\n\t\t\t\t<div class=\"elementor-element elementor-element-bc96838 e-flex e-con-boxed e-con e-parent\" data-id=\"bc96838\" data-element_type=\"container\" data-e-type=\"container\">\n\t\t\t\t\t<div class=\"e-con-inner\">\n\t\t\t\t<div class=\"elementor-element elementor-element-52c461b elementor-widget elementor-widget-html\" data-id=\"52c461b\" data-element_type=\"widget\" data-e-type=\"widget\" data-widget_type=\"html.default\">\n\t\t\t\t<div class=\"elementor-widget-container\">\n\t\t\t\t\t<div id=\"top\"><\/div>\t\t\t\t<\/div>\n\t\t\t\t<\/div>\n\t\t\t\t\t<\/div>\n\t\t\t\t<\/div>\n\t\t<div class=\"elementor-element elementor-element-dd04830 e-flex e-con-boxed e-con e-parent\" data-id=\"dd04830\" data-element_type=\"container\" data-e-type=\"container\" data-settings=\"{&quot;background_background&quot;:&quot;gradient&quot;}\">\n\t\t\t\t\t<div class=\"e-con-inner\">\n\t\t\t\t<div class=\"elementor-element elementor-element-b8b9599 elementor-widget elementor-widget-heading\" data-id=\"b8b9599\" data-element_type=\"widget\" data-e-type=\"widget\" data-widget_type=\"heading.default\">\n\t\t\t\t<div class=\"elementor-widget-container\">\n\t\t\t\t\t<h2 class=\"elementor-heading-title elementor-size-default\">FAQ<\/h2>\t\t\t\t<\/div>\n\t\t\t\t<\/div>\n\t\t\t\t<div class=\"elementor-element elementor-element-ff2cb71 elementor-widget elementor-widget-text-editor\" data-id=\"ff2cb71\" data-element_type=\"widget\" data-e-type=\"widget\" data-widget_type=\"text-editor.default\">\n\t\t\t\t<div class=\"elementor-widget-container\">\n\t\t\t\t\t\t\t\t\t<p>Retrouvez ici les r\u00e9ponses claires et pr\u00e9cises aux questions les plus fr\u00e9quentes de\u00a0nos\u00a0praticiens.<\/p>\t\t\t\t\t\t\t\t<\/div>\n\t\t\t\t<\/div>\n\t\t\t\t<div class=\"elementor-element elementor-element-b80ffa5 elementor-widget elementor-widget-spacer\" data-id=\"b80ffa5\" data-element_type=\"widget\" data-e-type=\"widget\" data-widget_type=\"spacer.default\">\n\t\t\t\t<div class=\"elementor-widget-container\">\n\t\t\t\t\t\t\t<div class=\"elementor-spacer\">\n\t\t\t<div class=\"elementor-spacer-inner\"><\/div>\n\t\t<\/div>\n\t\t\t\t\t\t<\/div>\n\t\t\t\t<\/div>\n\t\t\t\t<div class=\"elementor-element elementor-element-5ab3726 elementor-widget elementor-widget-heading\" data-id=\"5ab3726\" data-element_type=\"widget\" data-e-type=\"widget\" data-widget_type=\"heading.default\">\n\t\t\t\t<div class=\"elementor-widget-container\">\n\t\t\t\t\t<h2 class=\"elementor-heading-title elementor-size-default\">1. Quels mat\u00e9riaux proposez-vous pour les couronnes et bridges ?\n<\/h2>\t\t\t\t<\/div>\n\t\t\t\t<\/div>\n\t\t\t\t<div class=\"elementor-element elementor-element-701da9e elementor-widget elementor-widget-text-editor\" data-id=\"701da9e\" data-element_type=\"widget\" data-e-type=\"widget\" data-widget_type=\"text-editor.default\">\n\t\t\t\t<div class=\"elementor-widget-container\">\n\t\t\t\t\t\t\t\t\t<p>Nous r\u00e9alisons des couronnes et bridges en zircone multilayered HT, en Emax, en CCM, ainsi qu\u2019en full m\u00e9tal. Chaque solution est adapt\u00e9e selon la solidit\u00e9, l\u2019esth\u00e9tique et les pr\u00e9f\u00e9rences sp\u00e9cifiques de votre cabinet.<\/p>\t\t\t\t\t\t\t\t<\/div>\n\t\t\t\t<\/div>\n\t\t\t\t<div class=\"elementor-element elementor-element-c2163e4 elementor-widget elementor-widget-heading\" data-id=\"c2163e4\" data-element_type=\"widget\" data-e-type=\"widget\" data-widget_type=\"heading.default\">\n\t\t\t\t<div class=\"elementor-widget-container\">\n\t\t\t\t\t<h2 class=\"elementor-heading-title elementor-size-default\">2. Quels sont vos d\u00e9lais moyens pour une empreinte optique ?\n<\/h2>\t\t\t\t<\/div>\n\t\t\t\t<\/div>\n\t\t\t\t<div class=\"elementor-element elementor-element-029762c elementor-widget elementor-widget-text-editor\" data-id=\"029762c\" data-element_type=\"widget\" data-e-type=\"widget\" data-widget_type=\"text-editor.default\">\n\t\t\t\t<div class=\"elementor-widget-container\">\n\t\t\t\t\t\t\t\t\t<p>Pour les empreintes optiques, la r\u00e9alisation et la livraison varient de 3 \u00e0 6 jours ouvr\u00e9s selon la complexit\u00e9 du cas, avec une organisation logistique permettant une planification pr\u00e9cise pour le cabinet.<\/p>\t\t\t\t\t\t\t\t<\/div>\n\t\t\t\t<\/div>\n\t\t\t\t<div class=\"elementor-element elementor-element-f51d931 elementor-widget elementor-widget-heading\" data-id=\"f51d931\" data-element_type=\"widget\" data-e-type=\"widget\" data-widget_type=\"heading.default\">\n\t\t\t\t<div class=\"elementor-widget-container\">\n\t\t\t\t\t<h2 class=\"elementor-heading-title elementor-size-default\">3. Puis-je valider la conception avant fabrication ?\n<\/h2>\t\t\t\t<\/div>\n\t\t\t\t<\/div>\n\t\t\t\t<div class=\"elementor-element elementor-element-2e5940b elementor-widget elementor-widget-text-editor\" data-id=\"2e5940b\" data-element_type=\"widget\" data-e-type=\"widget\" data-widget_type=\"text-editor.default\">\n\t\t\t\t<div class=\"elementor-widget-container\">\n\t\t\t\t\t\t\t\t\t<p>Oui. Nous proposons la validation via Exocad automatiquement pour les cas complexes, ou sur demande du praticien.<\/p>\t\t\t\t\t\t\t\t<\/div>\n\t\t\t\t<\/div>\n\t\t\t\t<div class=\"elementor-element elementor-element-3aebbb4 elementor-widget elementor-widget-heading\" data-id=\"3aebbb4\" data-element_type=\"widget\" data-e-type=\"widget\" data-widget_type=\"heading.default\">\n\t\t\t\t<div class=\"elementor-widget-container\">\n\t\t\t\t\t<h2 class=\"elementor-heading-title elementor-size-default\">4. Quels types de proth\u00e8ses amovibles r\u00e9alisez-vous ?\n<\/h2>\t\t\t\t<\/div>\n\t\t\t\t<\/div>\n\t\t\t\t<div class=\"elementor-element elementor-element-de95333 elementor-widget elementor-widget-text-editor\" data-id=\"de95333\" data-element_type=\"widget\" data-e-type=\"widget\" data-widget_type=\"text-editor.default\">\n\t\t\t\t<div class=\"elementor-widget-container\">\n\t\t\t\t\t\t\t\t\t<p>Nous fabriquons des structures amovibles en Cr-Co, titane ou PEEK, ainsi que des solutions en Valplast ultra flex, r\u00e9sine et r\u00e9sine transparente.\u00a0 \u00a0 \u00a0<span style=\"background-color: transparent;\">Chaque conception est adapt\u00e9e pour une insertion facile, un bon confort et une esth\u00e9tique optimale.<\/span><\/p>\t\t\t\t\t\t\t\t<\/div>\n\t\t\t\t<\/div>\n\t\t\t\t<div class=\"elementor-element elementor-element-cf54346 elementor-widget elementor-widget-heading\" data-id=\"cf54346\" data-element_type=\"widget\" data-e-type=\"widget\" data-widget_type=\"heading.default\">\n\t\t\t\t<div class=\"elementor-widget-container\">\n\t\t\t\t\t<h2 class=\"elementor-heading-title elementor-size-default\">5. Comment suivez-vous la logistique des envois ?\n<\/h2>\t\t\t\t<\/div>\n\t\t\t\t<\/div>\n\t\t\t\t<div class=\"elementor-element elementor-element-940e8f9 elementor-widget elementor-widget-text-editor\" data-id=\"940e8f9\" data-element_type=\"widget\" data-e-type=\"widget\" data-widget_type=\"text-editor.default\">\n\t\t\t\t<div class=\"elementor-widget-container\">\n\t\t\t\t\t\t\t\t\t<p>Vous pouvez suivre l\u2019avancement du cas directement depuis votre espace client. Le statut y sera indiqu\u00e9 : en cours de fabrication, en transit d\u2019Asie vers Paris ou en transit de Paris vers le cabinet.<\/p>\t\t\t\t\t\t\t\t<\/div>\n\t\t\t\t<\/div>\n\t\t\t\t<div class=\"elementor-element elementor-element-08a4474 elementor-widget elementor-widget-heading\" data-id=\"08a4474\" data-element_type=\"widget\" data-e-type=\"widget\" data-widget_type=\"heading.default\">\n\t\t\t\t<div class=\"elementor-widget-container\">\n\t\t\t\t\t<h2 class=\"elementor-heading-title elementor-size-default\">6. Offrez-vous une garantie sur vos proth\u00e8ses ?\n<\/h2>\t\t\t\t<\/div>\n\t\t\t\t<\/div>\n\t\t\t\t<div class=\"elementor-element elementor-element-45a4ec9 elementor-widget elementor-widget-text-editor\" data-id=\"45a4ec9\" data-element_type=\"widget\" data-e-type=\"widget\" data-widget_type=\"text-editor.default\">\n\t\t\t\t<div class=\"elementor-widget-container\">\n\t\t\t\t\t\t\t\t\t<p>Oui. Tous nos travaux sont garantis, avec des conditions pr\u00e9cises d\u00e9finies dans nos CGV 2026.<\/p>\t\t\t\t\t\t\t\t<\/div>\n\t\t\t\t<\/div>\n\t\t\t\t<div class=\"elementor-element elementor-element-ab8f335 elementor-widget elementor-widget-heading\" data-id=\"ab8f335\" data-element_type=\"widget\" data-e-type=\"widget\" data-widget_type=\"heading.default\">\n\t\t\t\t<div class=\"elementor-widget-container\">\n\t\t\t\t\t<h2 class=\"elementor-heading-title elementor-size-default\">7. Est-il possible de personnaliser les pr\u00e9f\u00e9rences proth\u00e9tiques ?<\/h2>\t\t\t\t<\/div>\n\t\t\t\t<\/div>\n\t\t\t\t<div class=\"elementor-element elementor-element-a55faba elementor-widget elementor-widget-text-editor\" data-id=\"a55faba\" data-element_type=\"widget\" data-e-type=\"widget\" data-widget_type=\"text-editor.default\">\n\t\t\t\t<div class=\"elementor-widget-container\">\n\t\t\t\t\t\t\t\t\t<p>Absolument. Chaque praticien dispose d\u2019un tableau de pr\u00e9f\u00e9rences personnalis\u00e9 (\u00e9paisseur occlusale, embrasures, points de contact, teintes, mat\u00e9riaux, etc&#8230;). Cela garantit une constance et une fluidit\u00e9 dans chaque r\u00e9alisation.<\/p>\t\t\t\t\t\t\t\t<\/div>\n\t\t\t\t<\/div>\n\t\t\t\t<div class=\"elementor-element elementor-element-3cba836 elementor-widget elementor-widget-heading\" data-id=\"3cba836\" data-element_type=\"widget\" data-e-type=\"widget\" data-widget_type=\"heading.default\">\n\t\t\t\t<div class=\"elementor-widget-container\">\n\t\t\t\t\t<h2 class=\"elementor-heading-title elementor-size-default\">8. Que se passe-t-il en cas de reprise ou de remake ?\n<\/h2>\t\t\t\t<\/div>\n\t\t\t\t<\/div>\n\t\t\t\t<div class=\"elementor-element elementor-element-360c53b elementor-widget elementor-widget-text-editor\" data-id=\"360c53b\" data-element_type=\"widget\" data-e-type=\"widget\" data-widget_type=\"text-editor.default\">\n\t\t\t\t<div class=\"elementor-widget-container\">\n\t\t\t\t\t\t\t\t\t<p>En cas de reprise ou de remake, nous vous invitons \u00e0 consulter la page SAV du site internet o\u00f9 toutes les modalit\u00e9s sont d\u00e9taill\u00e9es.<\/p>\t\t\t\t\t\t\t\t<\/div>\n\t\t\t\t<\/div>\n\t\t\t\t<div class=\"elementor-element elementor-element-77f43cf elementor-widget elementor-widget-heading\" data-id=\"77f43cf\" data-element_type=\"widget\" data-e-type=\"widget\" data-widget_type=\"heading.default\">\n\t\t\t\t<div class=\"elementor-widget-container\">\n\t\t\t\t\t<h2 class=\"elementor-heading-title elementor-size-default\">9. Proposez-vous des solutions implantaires ?\n<\/h2>\t\t\t\t<\/div>\n\t\t\t\t<\/div>\n\t\t\t\t<div class=\"elementor-element elementor-element-534978e elementor-widget elementor-widget-text-editor\" data-id=\"534978e\" data-element_type=\"widget\" data-e-type=\"widget\" data-widget_type=\"text-editor.default\">\n\t\t\t\t<div class=\"elementor-widget-container\">\n\t\t\t\t\t\t\t\t\t<p>Oui, nous proposons l\u2019ensemble des solutions implantaires, \u00e0 l\u2019exception des guides chirurgicaux. Nous pouvons \u00e9galement g\u00e9rer pour vous le stockage des composants implantaires lorsque vous ne souhaitez pas passer par une personnalisation, ou lorsque certains \u00e9l\u00e9ments ne figurent pas dans notre librairie. Un tableau partag\u00e9 de suivi de stock est mis \u00e0 votre disposition afin de garantir une tra\u00e7abilit\u00e9 et une organisation optimale.<\/p>\t\t\t\t\t\t\t\t<\/div>\n\t\t\t\t<\/div>\n\t\t\t\t<div class=\"elementor-element elementor-element-448ae7b elementor-widget elementor-widget-heading\" data-id=\"448ae7b\" data-element_type=\"widget\" data-e-type=\"widget\" data-widget_type=\"heading.default\">\n\t\t\t\t<div class=\"elementor-widget-container\">\n\t\t\t\t\t<h2 class=\"elementor-heading-title elementor-size-default\">10. Comment g\u00e9rez-vous la facturation et les r\u00e8glements ?\n<\/h2>\t\t\t\t<\/div>\n\t\t\t\t<\/div>\n\t\t\t\t<div class=\"elementor-element elementor-element-80c84f6 elementor-widget elementor-widget-text-editor\" data-id=\"80c84f6\" data-element_type=\"widget\" data-e-type=\"widget\" data-widget_type=\"text-editor.default\">\n\t\t\t\t<div class=\"elementor-widget-container\">\n\t\t\t\t\t\t\t\t\t<p><span data-start=\"71\" data-end=\"537\">Les factures pro forma ainsi que les factures d\u00e9finitives sont mises \u00e0 disposition directement dans votre espace client. Les r\u00e8glements doivent \u00eatre effectu\u00e9s par virement avant le 8 de chaque mois, conform\u00e9ment \u00e0 nos CGV 2026. Pour les centres dentaires en France et pour les cabinets situ\u00e9s hors de France, nous fonctionnons uniquement sous forme d\u2019avoirs : il ne s\u2019agit donc pas d\u2019un paiement apr\u00e8s livraison, mais d\u2019un r\u00e8glement anticip\u00e9 avant toute livraison.<br \/><\/span><\/p>\t\t\t\t\t\t\t\t<\/div>\n\t\t\t\t<\/div>\n\t\t\t\t<div class=\"elementor-element elementor-element-57f440d elementor-widget elementor-widget-heading\" data-id=\"57f440d\" data-element_type=\"widget\" data-e-type=\"widget\" data-widget_type=\"heading.default\">\n\t\t\t\t<div class=\"elementor-widget-container\">\n\t\t\t\t\t<h2 class=\"elementor-heading-title elementor-size-default\">11. Peut-on reproduire exactement un provisoire fait au fauteuil ?\n<\/h2>\t\t\t\t<\/div>\n\t\t\t\t<\/div>\n\t\t\t\t<div class=\"elementor-element elementor-element-6d20807 elementor-widget elementor-widget-text-editor\" data-id=\"6d20807\" data-element_type=\"widget\" data-e-type=\"widget\" data-widget_type=\"text-editor.default\">\n\t\t\t\t<div class=\"elementor-widget-container\">\n\t\t\t\t\t\t\t\t\t<p>Non. Un provisoire r\u00e9alis\u00e9 manuellement ne peut pas \u00eatre reproduit \u00e0 l\u2019identique, ni par un technicien, ni sur Exocad. Chaque biblioth\u00e8que et technique diff\u00e8re, donc le rendu final ne pourra \u00eatre qu\u2019approchant.<\/p>\t\t\t\t\t\t\t\t<\/div>\n\t\t\t\t<\/div>\n\t\t\t\t<div class=\"elementor-element elementor-element-7a51a68 elementor-widget elementor-widget-heading\" data-id=\"7a51a68\" data-element_type=\"widget\" data-e-type=\"widget\" data-widget_type=\"heading.default\">\n\t\t\t\t<div class=\"elementor-widget-container\">\n\t\t\t\t\t<h2 class=\"elementor-heading-title elementor-size-default\">12. Pourquoi faut-il envoyer un scan avant la pr\u00e9paration ?\n<\/h2>\t\t\t\t<\/div>\n\t\t\t\t<\/div>\n\t\t\t\t<div class=\"elementor-element elementor-element-455a58a elementor-widget elementor-widget-text-editor\" data-id=\"455a58a\" data-element_type=\"widget\" data-e-type=\"widget\" data-widget_type=\"text-editor.default\">\n\t\t\t\t<div class=\"elementor-widget-container\">\n\t\t\t\t\t\t\t\t\t<p>Un scan avant pr\u00e9paration permet de conserver la situation initiale du patient et d\u2019obtenir un rep\u00e8re pr\u00e9cis pour la future restauration. Il est indispensable pour superposer ensuite avec le scan post-pr\u00e9paration et ainsi contr\u00f4ler l\u2019axe, la continuit\u00e9 cervicale et la stabilit\u00e9 de la dimension occlusale, tout en garantissant la pr\u00e9cision du design proth\u00e9tique.<\/p>\t\t\t\t\t\t\t\t<\/div>\n\t\t\t\t<\/div>\n\t\t\t\t<div class=\"elementor-element elementor-element-8f1f1c7 elementor-widget elementor-widget-heading\" data-id=\"8f1f1c7\" data-element_type=\"widget\" data-e-type=\"widget\" data-widget_type=\"heading.default\">\n\t\t\t\t<div class=\"elementor-widget-container\">\n\t\t\t\t\t<h2 class=\"elementor-heading-title elementor-size-default\">13. Si je valide un mock-up ou un PMMA, le r\u00e9sultat final sera-t-il identique si je souhaine une stratifi\u00e9e ?<\/h2>\t\t\t\t<\/div>\n\t\t\t\t<\/div>\n\t\t\t\t<div class=\"elementor-element elementor-element-79e25f6 elementor-widget elementor-widget-text-editor\" data-id=\"79e25f6\" data-element_type=\"widget\" data-e-type=\"widget\" data-widget_type=\"text-editor.default\">\n\t\t\t\t<div class=\"elementor-widget-container\">\n\t\t\t\t\t\t\t\t\t<p>\u00a0Non. Une fois transform\u00e9 en zircone stratifi\u00e9e ou en CCM, le rendu ne sera pas l\u2019image exacte du mock-up d\u00a0\u00bbexocad. Le c\u00e9ramiste r\u00e9alise manuellement la stratification, ce qui s\u2019en rapproche mais ne peut pas \u00eatre une copie parfaite.\u00a0<\/p>\t\t\t\t\t\t\t\t<\/div>\n\t\t\t\t<\/div>\n\t\t\t\t<div class=\"elementor-element elementor-element-add4fb0 elementor-widget elementor-widget-heading\" data-id=\"add4fb0\" data-element_type=\"widget\" data-e-type=\"widget\" data-widget_type=\"heading.default\">\n\t\t\t\t<div class=\"elementor-widget-container\">\n\t\t\t\t\t<h2 class=\"elementor-heading-title elementor-size-default\">14. Comment mentionner une prescription li\u00e9e \u00e0 un cas d\u00e9j\u00e0 r\u00e9alis\u00e9 ?\n<\/h2>\t\t\t\t<\/div>\n\t\t\t\t<\/div>\n\t\t\t\t<div class=\"elementor-element elementor-element-931afcc elementor-widget elementor-widget-text-editor\" data-id=\"931afcc\" data-element_type=\"widget\" data-e-type=\"widget\" data-widget_type=\"text-editor.default\">\n\t\t\t\t<div class=\"elementor-widget-container\">\n\t\t\t\t\t\t\t\t\t<p>Il est indispensable de pr\u00e9ciser dans la prescription qu\u2019il s\u2019agit soit d\u2019un SAV, soit d\u2019un nouvel envoi de fichier en remplacement d\u2019un pr\u00e9c\u00e9dent inexploitable, soit d\u2019un fichier compl\u00e9mentaire rattach\u00e9 \u00e0 un patient d\u00e9j\u00e0 enregistr\u00e9. Sans cette mention, le cas sera trait\u00e9 comme une nouvelle commande, donc nouvelle facturation.<\/p>\t\t\t\t\t\t\t\t<\/div>\n\t\t\t\t<\/div>\n\t\t\t\t<div class=\"elementor-element elementor-element-1eb340e elementor-widget elementor-widget-heading\" data-id=\"1eb340e\" data-element_type=\"widget\" data-e-type=\"widget\" data-widget_type=\"heading.default\">\n\t\t\t\t<div class=\"elementor-widget-container\">\n\t\t\t\t\t<h2 class=\"elementor-heading-title elementor-size-default\">15. Quelles sont les \u00e9tapes pour un bridge transviss\u00e9 ou All-on ?\n\n<\/h2>\t\t\t\t<\/div>\n\t\t\t\t<\/div>\n\t\t\t\t<div class=\"elementor-element elementor-element-4c75503 elementor-widget elementor-widget-text-editor\" data-id=\"4c75503\" data-element_type=\"widget\" data-e-type=\"widget\" data-widget_type=\"text-editor.default\">\n\t\t\t\t<div class=\"elementor-widget-container\">\n\t\t\t\t\t\t\t\t\t<p>Les \u00e9tapes commencent par un scan avec scanbody MU et une empreinte avec MU en bouche. Les MU ne doivent plus \u00eatre retir\u00e9s jusqu\u2019\u00e0 la pose finale. Ensuite viennent la cl\u00e9 de passivit\u00e9, le montage des dents sur cire avec barre titane, puis la finition.<\/p>\t\t\t\t\t\t\t\t<\/div>\n\t\t\t\t<\/div>\n\t\t\t\t<div class=\"elementor-element elementor-element-bf6975c elementor-widget elementor-widget-heading\" data-id=\"bf6975c\" data-element_type=\"widget\" data-e-type=\"widget\" data-widget_type=\"heading.default\">\n\t\t\t\t<div class=\"elementor-widget-container\">\n\t\t\t\t\t<h2 class=\"elementor-heading-title elementor-size-default\">16. Que faire en cas de probl\u00e8me n\u00e9cessitant un SAV ?\n<\/h2>\t\t\t\t<\/div>\n\t\t\t\t<\/div>\n\t\t\t\t<div class=\"elementor-element elementor-element-0bec8e4 elementor-widget elementor-widget-text-editor\" data-id=\"0bec8e4\" data-element_type=\"widget\" data-e-type=\"widget\" data-widget_type=\"text-editor.default\">\n\t\t\t\t<div class=\"elementor-widget-container\">\n\t\t\t\t\t\t\t\t\t<p>Envoyez une photo ou une vid\u00e9o du probl\u00e8me. Apr\u00e8s validation, nous relan\u00e7ons imm\u00e9diatement le cas et vous pouvez mettre le patient en provisoire.<\/p>\t\t\t\t\t\t\t\t<\/div>\n\t\t\t\t<\/div>\n\t\t\t\t<div class=\"elementor-element elementor-element-fde06c3 elementor-widget elementor-widget-heading\" data-id=\"fde06c3\" data-element_type=\"widget\" data-e-type=\"widget\" data-widget_type=\"heading.default\">\n\t\t\t\t<div class=\"elementor-widget-container\">\n\t\t\t\t\t<h2 class=\"elementor-heading-title elementor-size-default\">17. Le SAV n\u00e9cessite-t-il toujours une nouvelle empreinte ?\n<\/h2>\t\t\t\t<\/div>\n\t\t\t\t<\/div>\n\t\t\t\t<div class=\"elementor-element elementor-element-8ba1e89 elementor-widget elementor-widget-text-editor\" data-id=\"8ba1e89\" data-element_type=\"widget\" data-e-type=\"widget\" data-widget_type=\"text-editor.default\">\n\t\t\t\t<div class=\"elementor-widget-container\">\n\t\t\t\t\t\t\t\t\t<p>Oui. Pour un inlay-core, un implant ou une mobile partielle, une nouvelle empreinte avec le bon \u00e9l\u00e9ment en bouche est indispensable pour garantir pr\u00e9cision et occlusion.<\/p>\t\t\t\t\t\t\t\t<\/div>\n\t\t\t\t<\/div>\n\t\t\t\t<div class=\"elementor-element elementor-element-ab40525 elementor-align-center animated-slow elementor-button-info elementor-invisible elementor-widget elementor-widget-button\" data-id=\"ab40525\" data-element_type=\"widget\" data-e-type=\"widget\" data-settings=\"{&quot;_animation&quot;:&quot;fadeIn&quot;}\" data-widget_type=\"button.default\">\n\t\t\t\t<div class=\"elementor-widget-container\">\n\t\t\t\t\t\t\t\t\t<div class=\"elementor-button-wrapper\">\n\t\t\t\t\t<a class=\"elementor-button elementor-button-link elementor-size-sm\" href=\"https:\/\/labo-dental.com\/?page_id=151\">\n\t\t\t\t\t\t<span class=\"elementor-button-content-wrapper\">\n\t\t\t\t\t\t\t\t\t<span class=\"elementor-button-text\">Contactez-nous<\/span>\n\t\t\t\t\t<\/span>\n\t\t\t\t\t<\/a>\n\t\t\t\t<\/div>\n\t\t\t\t\t\t\t\t<\/div>\n\t\t\t\t<\/div>\n\t\t\t\t\t<\/div>\n\t\t\t\t<\/div>\n\t\t<div class=\"elementor-element elementor-element-aef3c82 e-flex e-con-boxed e-con e-parent\" data-id=\"aef3c82\" data-element_type=\"container\" data-e-type=\"container\">\n\t\t\t\t\t<div class=\"e-con-inner\">\n\t\t\t\t<div class=\"elementor-element elementor-element-91f1b95 elementor-align-right elementor-widget elementor-widget-button\" data-id=\"91f1b95\" data-element_type=\"widget\" data-e-type=\"widget\" data-widget_type=\"button.default\">\n\t\t\t\t<div class=\"elementor-widget-container\">\n\t\t\t\t\t\t\t\t\t<div class=\"elementor-button-wrapper\">\n\t\t\t\t\t<a class=\"elementor-button elementor-button-link elementor-size-sm\" href=\"#top\">\n\t\t\t\t\t\t<span class=\"elementor-button-content-wrapper\">\n\t\t\t\t\t\t<span class=\"elementor-button-icon\">\n\t\t\t\t<svg aria-hidden=\"true\" class=\"e-font-icon-svg e-fas-angle-double-up\" viewBox=\"0 0 320 512\" xmlns=\"http:\/\/www.w3.org\/2000\/svg\"><path d=\"M177 255.7l136 136c9.4 9.4 9.4 24.6 0 33.9l-22.6 22.6c-9.4 9.4-24.6 9.4-33.9 0L160 351.9l-96.4 96.4c-9.4 9.4-24.6 9.4-33.9 0L7 425.7c-9.4-9.4-9.4-24.6 0-33.9l136-136c9.4-9.5 24.6-9.5 34-.1zm-34-192L7 199.7c-9.4 9.4-9.4 24.6 0 33.9l22.6 22.6c9.4 9.4 24.6 9.4 33.9 0l96.4-96.4 96.4 96.4c9.4 9.4 24.6 9.4 33.9 0l22.6-22.6c9.4-9.4 9.4-24.6 0-33.9l-136-136c-9.2-9.4-24.4-9.4-33.8 0z\"><\/path><\/svg>\t\t\t<\/span>\n\t\t\t\t\t\t\t\t<\/span>\n\t\t\t\t\t<\/a>\n\t\t\t\t<\/div>\n\t\t\t\t\t\t\t\t<\/div>\n\t\t\t\t<\/div>\n\t\t\t\t\t<\/div>\n\t\t\t\t<\/div>\n\t\t\t\t<\/div>\n\t\t","protected":false},"excerpt":{"rendered":"<p>FAQ Retrouvez ici les r\u00e9ponses claires et pr\u00e9cises aux questions les plus fr\u00e9quentes de\u00a0nos\u00a0praticiens. 1. Quels mat\u00e9riaux proposez-vous pour les couronnes et bridges ? Nous r\u00e9alisons des couronnes et bridges en zircone multilayered HT, en Emax, en CCM, ainsi qu\u2019en full m\u00e9tal. Chaque solution est adapt\u00e9e selon la solidit\u00e9, l\u2019esth\u00e9tique et les pr\u00e9f\u00e9rences sp\u00e9cifiques de [&hellip;]<\/p>\n","protected":false},"author":1,"featured_media":0,"parent":0,"menu_order":0,"comment_status":"closed","ping_status":"closed","template":"","meta":{"footnotes":""},"class_list":["post-2030","page","type-page","status-publish","hentry"],"amp_enabled":true,"_links":{"self":[{"href":"https:\/\/labo-dental.com\/index.php?rest_route=\/wp\/v2\/pages\/2030","targetHints":{"allow":["GET"]}}],"collection":[{"href":"https:\/\/labo-dental.com\/index.php?rest_route=\/wp\/v2\/pages"}],"about":[{"href":"https:\/\/labo-dental.com\/index.php?rest_route=\/wp\/v2\/types\/page"}],"author":[{"embeddable":true,"href":"https:\/\/labo-dental.com\/index.php?rest_route=\/wp\/v2\/users\/1"}],"replies":[{"embeddable":true,"href":"https:\/\/labo-dental.com\/index.php?rest_route=%2Fwp%2Fv2%2Fcomments&post=2030"}],"version-history":[{"count":25,"href":"https:\/\/labo-dental.com\/index.php?rest_route=\/wp\/v2\/pages\/2030\/revisions"}],"predecessor-version":[{"id":2174,"href":"https:\/\/labo-dental.com\/index.php?rest_route=\/wp\/v2\/pages\/2030\/revisions\/2174"}],"wp:attachment":[{"href":"https:\/\/labo-dental.com\/index.php?rest_route=%2Fwp%2Fv2%2Fmedia&parent=2030"}],"curies":[{"name":"wp","href":"https:\/\/api.w.org\/{rel}","templated":true}]}}