{"id":322,"date":"2025-01-28T08:39:47","date_gmt":"2025-01-28T08:39:47","guid":{"rendered":"https:\/\/labo-dental.com\/?page_id=322"},"modified":"2025-10-15T06:00:33","modified_gmt":"2025-10-15T06:00:33","slug":"cad-cam","status":"publish","type":"page","link":"https:\/\/labo-dental.com\/?page_id=322","title":{"rendered":"CAD CAM"},"content":{"rendered":"\t\t<div data-elementor-type=\"wp-page\" data-elementor-id=\"322\" class=\"elementor elementor-322\" data-elementor-post-type=\"page\">\n\t\t\t\t<div class=\"elementor-element elementor-element-c4716f6 e-flex e-con-boxed e-con e-parent\" data-id=\"c4716f6\" data-element_type=\"container\" data-e-type=\"container\">\n\t\t\t\t\t<div class=\"e-con-inner\">\n\t\t\t\t<div class=\"elementor-element elementor-element-b43f424 elementor-widget elementor-widget-html\" data-id=\"b43f424\" data-element_type=\"widget\" data-e-type=\"widget\" data-widget_type=\"html.default\">\n\t\t\t\t<div class=\"elementor-widget-container\">\n\t\t\t\t\t<div id=\"top\"><\/div>\t\t\t\t<\/div>\n\t\t\t\t<\/div>\n\t\t\t\t\t<\/div>\n\t\t\t\t<\/div>\n\t\t<div class=\"elementor-element elementor-element-b36eaa7 e-flex e-con-boxed e-con e-parent\" data-id=\"b36eaa7\" data-element_type=\"container\" data-e-type=\"container\" data-settings=\"{&quot;background_background&quot;:&quot;gradient&quot;}\">\n\t\t\t\t\t<div class=\"e-con-inner\">\n\t\t\t\t<div class=\"elementor-element elementor-element-170f51b9 elementor-widget elementor-widget-heading\" data-id=\"170f51b9\" data-element_type=\"widget\" data-e-type=\"widget\" data-widget_type=\"heading.default\">\n\t\t\t\t<div class=\"elementor-widget-container\">\n\t\t\t\t\t<h2 class=\"elementor-heading-title elementor-size-default\">CAD-CAM\u200b<\/h2>\t\t\t\t<\/div>\n\t\t\t\t<\/div>\n\t\t\t\t<div class=\"elementor-element elementor-element-aee6dcd elementor-widget__width-initial elementor-widget elementor-widget-heading\" data-id=\"aee6dcd\" data-element_type=\"widget\" data-e-type=\"widget\" data-widget_type=\"heading.default\">\n\t\t\t\t<div class=\"elementor-widget-container\">\n\t\t\t\t\t<h1 class=\"elementor-heading-title elementor-size-default\">Nos solutions proth\u00e9tiques<\/h1>\t\t\t\t<\/div>\n\t\t\t\t<\/div>\n\t\t\t\t<div class=\"elementor-element elementor-element-b401aa9 elementor-widget elementor-widget-text-editor\" data-id=\"b401aa9\" data-element_type=\"widget\" data-e-type=\"widget\" data-widget_type=\"text-editor.default\">\n\t\t\t\t<div class=\"elementor-widget-container\">\n\t\t\t\t\t\t\t\t\t<p>La technologie au service de la pr\u00e9cision proth\u00e9tique.<\/p><p>Chez Labo Dental, le num\u00e9rique n\u2019est pas un outil, c\u2019est un art.<br \/>Nous avons int\u00e9gr\u00e9 les technologies CAD-CAM les plus avanc\u00e9es pour offrir aux praticiens des restaurations d\u2019une extr\u00eame pr\u00e9cision, con\u00e7ues pour durer et sublimer chaque sourire \u00e0 des tarifs accessibles, sans compromis\u00a0sur\u00a0la\u00a0qualit\u00e9 avec la possibilit\u00e9 de valider vos design via un lien HTLM.<\/p>\t\t\t\t\t\t\t\t<\/div>\n\t\t\t\t<\/div>\n\t\t\t\t\t<\/div>\n\t\t\t\t<\/div>\n\t\t<div class=\"elementor-element elementor-element-f7eaea1 e-flex e-con-boxed e-con e-parent\" data-id=\"f7eaea1\" data-element_type=\"container\" data-e-type=\"container\">\n\t\t\t\t\t<div class=\"e-con-inner\">\n\t\t<div class=\"elementor-element elementor-element-5e109f1 e-con-full e-flex e-con e-child\" data-id=\"5e109f1\" data-element_type=\"container\" data-e-type=\"container\">\n\t\t\t\t<div class=\"elementor-element elementor-element-4b04fd6 elementor-widget elementor-widget-image\" data-id=\"4b04fd6\" data-element_type=\"widget\" data-e-type=\"widget\" data-widget_type=\"image.default\">\n\t\t\t\t<div class=\"elementor-widget-container\">\n\t\t\t\t\t\t\t\t\t\t\t\t\t\t\t<img fetchpriority=\"high\" decoding=\"async\" width=\"233\" height=\"300\" src=\"https:\/\/labo-dental.com\/wp-content\/uploads\/2025\/05\/9-233x300.jpg\" class=\"attachment-medium size-medium wp-image-830\" alt=\"\" srcset=\"https:\/\/labo-dental.com\/wp-content\/uploads\/2025\/05\/9-233x300.jpg 233w, https:\/\/labo-dental.com\/wp-content\/uploads\/2025\/05\/9-797x1024.jpg 797w, https:\/\/labo-dental.com\/wp-content\/uploads\/2025\/05\/9-768x987.jpg 768w, https:\/\/labo-dental.com\/wp-content\/uploads\/2025\/05\/9.jpg 827w\" sizes=\"(max-width: 233px) 100vw, 233px\" \/>\t\t\t\t\t\t\t\t\t\t\t\t\t\t\t<\/div>\n\t\t\t\t<\/div>\n\t\t\t\t<\/div>\n\t\t<div class=\"elementor-element elementor-element-011408a e-con-full e-flex e-con e-child\" data-id=\"011408a\" data-element_type=\"container\" data-e-type=\"container\">\n\t\t\t\t<div class=\"elementor-element elementor-element-b1c9b96 elementor-widget elementor-widget-image\" data-id=\"b1c9b96\" data-element_type=\"widget\" data-e-type=\"widget\" data-widget_type=\"image.default\">\n\t\t\t\t<div class=\"elementor-widget-container\">\n\t\t\t\t\t\t\t\t\t\t\t\t\t\t\t<img decoding=\"async\" width=\"233\" height=\"300\" data-src=\"https:\/\/labo-dental.com\/wp-content\/uploads\/2025\/05\/7-233x300.jpg\" class=\"attachment-medium size-medium wp-image-828 lazyload\" alt=\"\" data-srcset=\"https:\/\/labo-dental.com\/wp-content\/uploads\/2025\/05\/7-233x300.jpg 233w, https:\/\/labo-dental.com\/wp-content\/uploads\/2025\/05\/7-797x1024.jpg 797w, https:\/\/labo-dental.com\/wp-content\/uploads\/2025\/05\/7-768x987.jpg 768w, https:\/\/labo-dental.com\/wp-content\/uploads\/2025\/05\/7.jpg 827w\" data-sizes=\"(max-width: 233px) 100vw, 233px\" src=\"data:image\/svg+xml;base64,PHN2ZyB3aWR0aD0iMSIgaGVpZ2h0PSIxIiB4bWxucz0iaHR0cDovL3d3dy53My5vcmcvMjAwMC9zdmciPjwvc3ZnPg==\" style=\"--smush-placeholder-width: 233px; --smush-placeholder-aspect-ratio: 233\/300;\" \/>\t\t\t\t\t\t\t\t\t\t\t\t\t\t\t<\/div>\n\t\t\t\t<\/div>\n\t\t\t\t<\/div>\n\t\t<div class=\"elementor-element elementor-element-949e6e4 e-con-full e-flex e-con e-child\" data-id=\"949e6e4\" data-element_type=\"container\" data-e-type=\"container\">\n\t\t\t\t<div class=\"elementor-element elementor-element-7d4519c elementor-widget elementor-widget-image\" data-id=\"7d4519c\" data-element_type=\"widget\" data-e-type=\"widget\" data-widget_type=\"image.default\">\n\t\t\t\t<div class=\"elementor-widget-container\">\n\t\t\t\t\t\t\t\t\t\t\t\t\t\t\t<img decoding=\"async\" width=\"233\" height=\"300\" data-src=\"https:\/\/labo-dental.com\/wp-content\/uploads\/2025\/05\/5-233x300.jpg\" class=\"attachment-medium size-medium wp-image-826 lazyload\" alt=\"\" data-srcset=\"https:\/\/labo-dental.com\/wp-content\/uploads\/2025\/05\/5-233x300.jpg 233w, https:\/\/labo-dental.com\/wp-content\/uploads\/2025\/05\/5-797x1024.jpg 797w, https:\/\/labo-dental.com\/wp-content\/uploads\/2025\/05\/5-768x987.jpg 768w, https:\/\/labo-dental.com\/wp-content\/uploads\/2025\/05\/5.jpg 827w\" data-sizes=\"(max-width: 233px) 100vw, 233px\" src=\"data:image\/svg+xml;base64,PHN2ZyB3aWR0aD0iMSIgaGVpZ2h0PSIxIiB4bWxucz0iaHR0cDovL3d3dy53My5vcmcvMjAwMC9zdmciPjwvc3ZnPg==\" style=\"--smush-placeholder-width: 233px; --smush-placeholder-aspect-ratio: 233\/300;\" \/>\t\t\t\t\t\t\t\t\t\t\t\t\t\t\t<\/div>\n\t\t\t\t<\/div>\n\t\t\t\t<\/div>\n\t\t<div class=\"elementor-element elementor-element-a647d33 e-con-full e-flex e-con e-child\" data-id=\"a647d33\" data-element_type=\"container\" data-e-type=\"container\">\n\t\t\t\t<div class=\"elementor-element elementor-element-bf27b4c elementor-widget elementor-widget-image\" data-id=\"bf27b4c\" data-element_type=\"widget\" data-e-type=\"widget\" data-widget_type=\"image.default\">\n\t\t\t\t<div class=\"elementor-widget-container\">\n\t\t\t\t\t\t\t\t\t\t\t\t\t\t\t<img decoding=\"async\" width=\"233\" height=\"300\" data-src=\"https:\/\/labo-dental.com\/wp-content\/uploads\/2025\/05\/3-233x300.jpg\" class=\"attachment-medium size-medium wp-image-824 lazyload\" alt=\"\" data-srcset=\"https:\/\/labo-dental.com\/wp-content\/uploads\/2025\/05\/3-233x300.jpg 233w, https:\/\/labo-dental.com\/wp-content\/uploads\/2025\/05\/3-797x1024.jpg 797w, https:\/\/labo-dental.com\/wp-content\/uploads\/2025\/05\/3-768x987.jpg 768w, https:\/\/labo-dental.com\/wp-content\/uploads\/2025\/05\/3.jpg 827w\" data-sizes=\"(max-width: 233px) 100vw, 233px\" src=\"data:image\/svg+xml;base64,PHN2ZyB3aWR0aD0iMSIgaGVpZ2h0PSIxIiB4bWxucz0iaHR0cDovL3d3dy53My5vcmcvMjAwMC9zdmciPjwvc3ZnPg==\" style=\"--smush-placeholder-width: 233px; --smush-placeholder-aspect-ratio: 233\/300;\" \/>\t\t\t\t\t\t\t\t\t\t\t\t\t\t\t<\/div>\n\t\t\t\t<\/div>\n\t\t\t\t<\/div>\n\t\t<div class=\"elementor-element elementor-element-a1e05cb e-con-full e-flex e-con e-child\" data-id=\"a1e05cb\" data-element_type=\"container\" data-e-type=\"container\">\n\t\t\t\t<div class=\"elementor-element elementor-element-2ce389d elementor-widget elementor-widget-image\" data-id=\"2ce389d\" data-element_type=\"widget\" data-e-type=\"widget\" data-widget_type=\"image.default\">\n\t\t\t\t<div class=\"elementor-widget-container\">\n\t\t\t\t\t\t\t\t\t\t\t\t\t\t\t<img decoding=\"async\" width=\"233\" height=\"300\" data-src=\"https:\/\/labo-dental.com\/wp-content\/uploads\/2025\/05\/1-233x300.jpg\" class=\"attachment-medium size-medium wp-image-822 lazyload\" alt=\"\" data-srcset=\"https:\/\/labo-dental.com\/wp-content\/uploads\/2025\/05\/1-233x300.jpg 233w, https:\/\/labo-dental.com\/wp-content\/uploads\/2025\/05\/1-797x1024.jpg 797w, https:\/\/labo-dental.com\/wp-content\/uploads\/2025\/05\/1-768x987.jpg 768w, https:\/\/labo-dental.com\/wp-content\/uploads\/2025\/05\/1.jpg 827w\" data-sizes=\"(max-width: 233px) 100vw, 233px\" src=\"data:image\/svg+xml;base64,PHN2ZyB3aWR0aD0iMSIgaGVpZ2h0PSIxIiB4bWxucz0iaHR0cDovL3d3dy53My5vcmcvMjAwMC9zdmciPjwvc3ZnPg==\" style=\"--smush-placeholder-width: 233px; --smush-placeholder-aspect-ratio: 233\/300;\" \/>\t\t\t\t\t\t\t\t\t\t\t\t\t\t\t<\/div>\n\t\t\t\t<\/div>\n\t\t\t\t<\/div>\n\t\t\t\t\t<\/div>\n\t\t\t\t<\/div>\n\t\t<div class=\"elementor-element elementor-element-01d06e2 e-flex e-con-boxed e-con e-parent\" data-id=\"01d06e2\" data-element_type=\"container\" data-e-type=\"container\">\n\t\t\t\t\t<div class=\"e-con-inner\">\n\t\t<div class=\"elementor-element elementor-element-d1ac7d8 e-con-full e-flex e-con e-child\" data-id=\"d1ac7d8\" data-element_type=\"container\" data-e-type=\"container\">\n\t\t\t\t<div class=\"elementor-element elementor-element-497a70d elementor-widget elementor-widget-image\" data-id=\"497a70d\" data-element_type=\"widget\" data-e-type=\"widget\" data-widget_type=\"image.default\">\n\t\t\t\t<div class=\"elementor-widget-container\">\n\t\t\t\t\t\t\t\t\t\t\t\t\t\t\t<img decoding=\"async\" width=\"233\" height=\"300\" data-src=\"https:\/\/labo-dental.com\/wp-content\/uploads\/2025\/05\/10-233x300.jpg\" class=\"attachment-medium size-medium wp-image-831 lazyload\" alt=\"\" data-srcset=\"https:\/\/labo-dental.com\/wp-content\/uploads\/2025\/05\/10-233x300.jpg 233w, https:\/\/labo-dental.com\/wp-content\/uploads\/2025\/05\/10-797x1024.jpg 797w, https:\/\/labo-dental.com\/wp-content\/uploads\/2025\/05\/10-768x987.jpg 768w, https:\/\/labo-dental.com\/wp-content\/uploads\/2025\/05\/10.jpg 827w\" data-sizes=\"(max-width: 233px) 100vw, 233px\" src=\"data:image\/svg+xml;base64,PHN2ZyB3aWR0aD0iMSIgaGVpZ2h0PSIxIiB4bWxucz0iaHR0cDovL3d3dy53My5vcmcvMjAwMC9zdmciPjwvc3ZnPg==\" style=\"--smush-placeholder-width: 233px; --smush-placeholder-aspect-ratio: 233\/300;\" \/>\t\t\t\t\t\t\t\t\t\t\t\t\t\t\t<\/div>\n\t\t\t\t<\/div>\n\t\t\t\t<\/div>\n\t\t<div class=\"elementor-element elementor-element-18a6ab9 e-con-full e-flex e-con e-child\" data-id=\"18a6ab9\" data-element_type=\"container\" data-e-type=\"container\">\n\t\t\t\t<div class=\"elementor-element elementor-element-5458159 elementor-widget elementor-widget-image\" data-id=\"5458159\" data-element_type=\"widget\" data-e-type=\"widget\" data-widget_type=\"image.default\">\n\t\t\t\t<div class=\"elementor-widget-container\">\n\t\t\t\t\t\t\t\t\t\t\t\t\t\t\t<img decoding=\"async\" width=\"233\" height=\"300\" data-src=\"https:\/\/labo-dental.com\/wp-content\/uploads\/2025\/05\/8-233x300.jpg\" class=\"attachment-medium size-medium wp-image-829 lazyload\" alt=\"\" data-srcset=\"https:\/\/labo-dental.com\/wp-content\/uploads\/2025\/05\/8-233x300.jpg 233w, https:\/\/labo-dental.com\/wp-content\/uploads\/2025\/05\/8-797x1024.jpg 797w, https:\/\/labo-dental.com\/wp-content\/uploads\/2025\/05\/8-768x987.jpg 768w, https:\/\/labo-dental.com\/wp-content\/uploads\/2025\/05\/8.jpg 827w\" data-sizes=\"(max-width: 233px) 100vw, 233px\" src=\"data:image\/svg+xml;base64,PHN2ZyB3aWR0aD0iMSIgaGVpZ2h0PSIxIiB4bWxucz0iaHR0cDovL3d3dy53My5vcmcvMjAwMC9zdmciPjwvc3ZnPg==\" style=\"--smush-placeholder-width: 233px; --smush-placeholder-aspect-ratio: 233\/300;\" \/>\t\t\t\t\t\t\t\t\t\t\t\t\t\t\t<\/div>\n\t\t\t\t<\/div>\n\t\t\t\t<\/div>\n\t\t<div class=\"elementor-element elementor-element-eb739c4 e-con-full e-flex e-con e-child\" data-id=\"eb739c4\" data-element_type=\"container\" data-e-type=\"container\">\n\t\t\t\t<div class=\"elementor-element elementor-element-03b0e55 elementor-widget elementor-widget-image\" data-id=\"03b0e55\" data-element_type=\"widget\" data-e-type=\"widget\" data-widget_type=\"image.default\">\n\t\t\t\t<div class=\"elementor-widget-container\">\n\t\t\t\t\t\t\t\t\t\t\t\t\t\t\t<img decoding=\"async\" width=\"233\" height=\"300\" data-src=\"https:\/\/labo-dental.com\/wp-content\/uploads\/2025\/05\/6-233x300.jpg\" class=\"attachment-medium size-medium wp-image-827 lazyload\" alt=\"\" data-srcset=\"https:\/\/labo-dental.com\/wp-content\/uploads\/2025\/05\/6-233x300.jpg 233w, https:\/\/labo-dental.com\/wp-content\/uploads\/2025\/05\/6-797x1024.jpg 797w, https:\/\/labo-dental.com\/wp-content\/uploads\/2025\/05\/6-768x987.jpg 768w, https:\/\/labo-dental.com\/wp-content\/uploads\/2025\/05\/6.jpg 827w\" data-sizes=\"(max-width: 233px) 100vw, 233px\" src=\"data:image\/svg+xml;base64,PHN2ZyB3aWR0aD0iMSIgaGVpZ2h0PSIxIiB4bWxucz0iaHR0cDovL3d3dy53My5vcmcvMjAwMC9zdmciPjwvc3ZnPg==\" style=\"--smush-placeholder-width: 233px; --smush-placeholder-aspect-ratio: 233\/300;\" \/>\t\t\t\t\t\t\t\t\t\t\t\t\t\t\t<\/div>\n\t\t\t\t<\/div>\n\t\t\t\t<\/div>\n\t\t<div class=\"elementor-element elementor-element-e2efc22 e-con-full e-flex e-con e-child\" data-id=\"e2efc22\" data-element_type=\"container\" data-e-type=\"container\">\n\t\t\t\t<div class=\"elementor-element elementor-element-b1a1c90 elementor-widget elementor-widget-image\" data-id=\"b1a1c90\" data-element_type=\"widget\" data-e-type=\"widget\" data-widget_type=\"image.default\">\n\t\t\t\t<div class=\"elementor-widget-container\">\n\t\t\t\t\t\t\t\t\t\t\t\t\t\t\t<img decoding=\"async\" width=\"233\" height=\"300\" data-src=\"https:\/\/labo-dental.com\/wp-content\/uploads\/2025\/05\/4-233x300.jpg\" class=\"attachment-medium size-medium wp-image-825 lazyload\" alt=\"\" data-srcset=\"https:\/\/labo-dental.com\/wp-content\/uploads\/2025\/05\/4-233x300.jpg 233w, https:\/\/labo-dental.com\/wp-content\/uploads\/2025\/05\/4-797x1024.jpg 797w, https:\/\/labo-dental.com\/wp-content\/uploads\/2025\/05\/4-768x987.jpg 768w, https:\/\/labo-dental.com\/wp-content\/uploads\/2025\/05\/4.jpg 827w\" data-sizes=\"(max-width: 233px) 100vw, 233px\" src=\"data:image\/svg+xml;base64,PHN2ZyB3aWR0aD0iMSIgaGVpZ2h0PSIxIiB4bWxucz0iaHR0cDovL3d3dy53My5vcmcvMjAwMC9zdmciPjwvc3ZnPg==\" style=\"--smush-placeholder-width: 233px; --smush-placeholder-aspect-ratio: 233\/300;\" \/>\t\t\t\t\t\t\t\t\t\t\t\t\t\t\t<\/div>\n\t\t\t\t<\/div>\n\t\t\t\t<\/div>\n\t\t<div class=\"elementor-element elementor-element-1f09a42 e-con-full e-flex e-con e-child\" data-id=\"1f09a42\" data-element_type=\"container\" data-e-type=\"container\">\n\t\t\t\t<div class=\"elementor-element elementor-element-19fecc6 elementor-widget elementor-widget-image\" data-id=\"19fecc6\" data-element_type=\"widget\" data-e-type=\"widget\" data-widget_type=\"image.default\">\n\t\t\t\t<div class=\"elementor-widget-container\">\n\t\t\t\t\t\t\t\t\t\t\t\t\t\t\t<img decoding=\"async\" width=\"233\" height=\"300\" data-src=\"https:\/\/labo-dental.com\/wp-content\/uploads\/2025\/05\/2-233x300.jpg\" class=\"attachment-medium size-medium wp-image-823 lazyload\" alt=\"\" data-srcset=\"https:\/\/labo-dental.com\/wp-content\/uploads\/2025\/05\/2-233x300.jpg 233w, https:\/\/labo-dental.com\/wp-content\/uploads\/2025\/05\/2-797x1024.jpg 797w, https:\/\/labo-dental.com\/wp-content\/uploads\/2025\/05\/2-768x987.jpg 768w, https:\/\/labo-dental.com\/wp-content\/uploads\/2025\/05\/2.jpg 827w\" data-sizes=\"(max-width: 233px) 100vw, 233px\" src=\"data:image\/svg+xml;base64,PHN2ZyB3aWR0aD0iMSIgaGVpZ2h0PSIxIiB4bWxucz0iaHR0cDovL3d3dy53My5vcmcvMjAwMC9zdmciPjwvc3ZnPg==\" style=\"--smush-placeholder-width: 233px; --smush-placeholder-aspect-ratio: 233\/300;\" \/>\t\t\t\t\t\t\t\t\t\t\t\t\t\t\t<\/div>\n\t\t\t\t<\/div>\n\t\t\t\t<\/div>\n\t\t\t\t\t<\/div>\n\t\t\t\t<\/div>\n\t\t<div class=\"elementor-element elementor-element-73ba981 e-con-full e-flex e-con e-parent\" data-id=\"73ba981\" data-element_type=\"container\" data-e-type=\"container\">\n\t\t\t\t<div class=\"elementor-element elementor-element-a58b283 elementor-widget-divider--view-line elementor-widget elementor-widget-divider\" data-id=\"a58b283\" data-element_type=\"widget\" data-e-type=\"widget\" data-widget_type=\"divider.default\">\n\t\t\t\t<div class=\"elementor-widget-container\">\n\t\t\t\t\t\t\t<div class=\"elementor-divider\">\n\t\t\t<span class=\"elementor-divider-separator\">\n\t\t\t\t\t\t<\/span>\n\t\t<\/div>\n\t\t\t\t\t\t<\/div>\n\t\t\t\t<\/div>\n\t\t\t\t<div class=\"elementor-element elementor-element-9ee42b5 elementor-widget elementor-widget-text-editor\" data-id=\"9ee42b5\" data-element_type=\"widget\" data-e-type=\"widget\" data-widget_type=\"text-editor.default\">\n\t\t\t\t<div class=\"elementor-widget-container\">\n\t\t\t\t\t\t\t\t\t<div>Avec Labo Dental, vous avez acc\u00e8s \u00e0 des solutions proth\u00e9tiques modernes, pr\u00e9cises et esth\u00e9tiques, soutenues par une technologie de pointe<\/div><div>\u00a0et une expertise reconnue.<\/div>\t\t\t\t\t\t\t\t<\/div>\n\t\t\t\t<\/div>\n\t\t\t\t<div class=\"elementor-element elementor-element-74fdf54 elementor-widget elementor-widget-text-editor\" data-id=\"74fdf54\" data-element_type=\"widget\" data-e-type=\"widget\" data-widget_type=\"text-editor.default\">\n\t\t\t\t<div class=\"elementor-widget-container\">\n\t\t\t\t\t\t\t\t\t<p>Contactez-nous d\u00e8s maintenant pour en savoir plus sur nos produits et transformer vos cas cliniques gr\u00e2ce \u00e0 l\u2019innovation CAD-CAM.<\/p>\t\t\t\t\t\t\t\t<\/div>\n\t\t\t\t<\/div>\n\t\t\t\t<div class=\"elementor-element elementor-element-1f42c19 elementor-align-center animated-slow elementor-button-info elementor-invisible elementor-widget elementor-widget-button\" data-id=\"1f42c19\" data-element_type=\"widget\" data-e-type=\"widget\" data-settings=\"{&quot;_animation&quot;:&quot;fadeIn&quot;}\" data-widget_type=\"button.default\">\n\t\t\t\t<div class=\"elementor-widget-container\">\n\t\t\t\t\t\t\t\t\t<div class=\"elementor-button-wrapper\">\n\t\t\t\t\t<a class=\"elementor-button elementor-button-link elementor-size-sm\" href=\"https:\/\/labo-dental.com\/?page_id=151\">\n\t\t\t\t\t\t<span class=\"elementor-button-content-wrapper\">\n\t\t\t\t\t\t\t\t\t<span class=\"elementor-button-text\">Contactez-nous<\/span>\n\t\t\t\t\t<\/span>\n\t\t\t\t\t<\/a>\n\t\t\t\t<\/div>\n\t\t\t\t\t\t\t\t<\/div>\n\t\t\t\t<\/div>\n\t\t\t\t<\/div>\n\t\t<div class=\"elementor-element elementor-element-1be55b3 e-flex e-con-boxed e-con e-parent\" data-id=\"1be55b3\" data-element_type=\"container\" data-e-type=\"container\">\n\t\t\t\t\t<div class=\"e-con-inner\">\n\t\t\t\t<div class=\"elementor-element elementor-element-70ea315 elementor-widget__width-initial elementor-widget elementor-widget-html\" data-id=\"70ea315\" data-element_type=\"widget\" data-e-type=\"widget\" data-widget_type=\"html.default\">\n\t\t\t\t<div class=\"elementor-widget-container\">\n\t\t\t\t\t<div class=\"logo-carousel\">\n  <div class=\"logos-track\">\n    <img src=https:\/\/labo-dental.com\/wp-content\/uploads\/2025\/09\/2.svg alt=\"Logo 1\" \/>\n    <img src=https:\/\/labo-dental.com\/wp-content\/uploads\/2025\/09\/3-1.svg alt=\"Logo 2\" \/>\n    <img src=https:\/\/labo-dental.com\/wp-content\/uploads\/2025\/09\/4-1.svg alt=\"Logo 3\" \/>\n    <img src=https:\/\/labo-dental.com\/wp-content\/uploads\/2025\/09\/5-1.svg alt=\"Logo 4\" \/>\n    <img src=https:\/\/labo-dental.com\/wp-content\/uploads\/2025\/09\/6-1.svg alt=\"Logo 5\" \/>\n    <img src=https:\/\/labo-dental.com\/wp-content\/uploads\/2025\/09\/7-1.svg alt=\"Logo 6\" \/>\n    <img src=https:\/\/labo-dental.com\/wp-content\/uploads\/2025\/09\/8-1.svg alt=\"Logo 7\" \/>\n\n    <!-- \u05e9\u05db\u05e4\u05d5\u05dc \u05d7\u05d5\u05d6\u05e8 \u05dc\u05d9\u05e6\u05d9\u05e8\u05ea \u05dc\u05d5\u05dc\u05d0\u05d4 \u05d7\u05dc\u05e7\u05d4 -->\n    <img src=https:\/\/labo-dental.com\/wp-content\/uploads\/2025\/09\/2.svg alt=\"Logo 1\" \/>\n    <img src=https:\/\/labo-dental.com\/wp-content\/uploads\/2025\/09\/3-1.svg alt=\"Logo 2\" \/>\n    <img src=https:\/\/labo-dental.com\/wp-content\/uploads\/2025\/09\/4-1.svg alt=\"Logo 3\" \/>\n    <img src=https:\/\/labo-dental.com\/wp-content\/uploads\/2025\/09\/5-1.svg alt=\"Logo 4\" \/>\n    <img src=https:\/\/labo-dental.com\/wp-content\/uploads\/2025\/09\/6-1.svg alt=\"Logo 5\" \/>\n    <img src=https:\/\/labo-dental.com\/wp-content\/uploads\/2025\/09\/7-1.svg alt=\"Logo 6\" \/>\n    <img src=https:\/\/labo-dental.com\/wp-content\/uploads\/2025\/09\/8-1.svg alt=\"Logo 7\" \/>\n  <\/div>\n<\/div>\n\n<style>\n.logo-carousel {\n  overflow: hidden;\n  width: 100%;\n  background: transparent;\n  padding: 20px 0;\n  direction: ltr; \/* \u05d7\u05e9\u05d5\u05d1 \u05d1\u05de\u05d9\u05d5\u05d7\u05d3 \u05d1\u05d0\u05ea\u05e8\u05d9\u05dd \u05d1\u05e2\u05d1\u05e8\u05d9\u05ea *\/\n}\n.logos-track {\n  display: flex;\n  width: max-content;\n  animation: scroll 40s linear infinite;\n}\n.logos-track img {\n  height: 60px;\n  margin: 0 40px;\n  opacity: 0.6;\n  transition: opacity 0.3s ease;\n}\n.logos-track img:hover {\n  opacity: 1;\n}\n@keyframes scroll {\n  0% { transform: translateX(0); }\n  100% { transform: translateX(-50%);\u00a0}\n}\n<\/style>\t\t\t\t<\/div>\n\t\t\t\t<\/div>\n\t\t\t\t\t<\/div>\n\t\t\t\t<\/div>\n\t\t<div class=\"elementor-element elementor-element-73c3060 e-flex e-con-boxed e-con e-parent\" data-id=\"73c3060\" data-element_type=\"container\" data-e-type=\"container\">\n\t\t\t\t\t<div class=\"e-con-inner\">\n\t\t<div class=\"elementor-element elementor-element-d12aae6 e-con-full e-flex e-con e-child\" data-id=\"d12aae6\" data-element_type=\"container\" data-e-type=\"container\">\n\t\t\t\t<div class=\"elementor-element elementor-element-1a345eb elementor-align-right elementor-widget elementor-widget-button\" data-id=\"1a345eb\" data-element_type=\"widget\" data-e-type=\"widget\" data-widget_type=\"button.default\">\n\t\t\t\t<div class=\"elementor-widget-container\">\n\t\t\t\t\t\t\t\t\t<div class=\"elementor-button-wrapper\">\n\t\t\t\t\t<a class=\"elementor-button elementor-button-link elementor-size-sm\" href=\"#top\">\n\t\t\t\t\t\t<span class=\"elementor-button-content-wrapper\">\n\t\t\t\t\t\t<span class=\"elementor-button-icon\">\n\t\t\t\t<svg aria-hidden=\"true\" class=\"e-font-icon-svg e-fas-angle-double-up\" viewBox=\"0 0 320 512\" xmlns=\"http:\/\/www.w3.org\/2000\/svg\"><path d=\"M177 255.7l136 136c9.4 9.4 9.4 24.6 0 33.9l-22.6 22.6c-9.4 9.4-24.6 9.4-33.9 0L160 351.9l-96.4 96.4c-9.4 9.4-24.6 9.4-33.9 0L7 425.7c-9.4-9.4-9.4-24.6 0-33.9l136-136c9.4-9.5 24.6-9.5 34-.1zm-34-192L7 199.7c-9.4 9.4-9.4 24.6 0 33.9l22.6 22.6c9.4 9.4 24.6 9.4 33.9 0l96.4-96.4 96.4 96.4c9.4 9.4 24.6 9.4 33.9 0l22.6-22.6c9.4-9.4 9.4-24.6 0-33.9l-136-136c-9.2-9.4-24.4-9.4-33.8 0z\"><\/path><\/svg>\t\t\t<\/span>\n\t\t\t\t\t\t\t\t<\/span>\n\t\t\t\t\t<\/a>\n\t\t\t\t<\/div>\n\t\t\t\t\t\t\t\t<\/div>\n\t\t\t\t<\/div>\n\t\t\t\t<\/div>\n\t\t\t\t\t<\/div>\n\t\t\t\t<\/div>\n\t\t\t\t<\/div>\n\t\t","protected":false},"excerpt":{"rendered":"<p>CAD-CAM\u200b Nos solutions proth\u00e9tiques La technologie au service de la pr\u00e9cision proth\u00e9tique. Chez Labo Dental, le num\u00e9rique n\u2019est pas un outil, c\u2019est un art.Nous avons int\u00e9gr\u00e9 les technologies CAD-CAM les plus avanc\u00e9es pour offrir aux praticiens des restaurations d\u2019une extr\u00eame pr\u00e9cision, con\u00e7ues pour durer et sublimer chaque sourire \u00e0 des tarifs accessibles, sans compromis\u00a0sur\u00a0la\u00a0qualit\u00e9 avec [&hellip;]<\/p>\n","protected":false},"author":1,"featured_media":0,"parent":0,"menu_order":0,"comment_status":"closed","ping_status":"closed","template":"","meta":{"footnotes":""},"class_list":["post-322","page","type-page","status-publish","hentry"],"amp_enabled":true,"_links":{"self":[{"href":"https:\/\/labo-dental.com\/index.php?rest_route=\/wp\/v2\/pages\/322","targetHints":{"allow":["GET"]}}],"collection":[{"href":"https:\/\/labo-dental.com\/index.php?rest_route=\/wp\/v2\/pages"}],"about":[{"href":"https:\/\/labo-dental.com\/index.php?rest_route=\/wp\/v2\/types\/page"}],"author":[{"embeddable":true,"href":"https:\/\/labo-dental.com\/index.php?rest_route=\/wp\/v2\/users\/1"}],"replies":[{"embeddable":true,"href":"https:\/\/labo-dental.com\/index.php?rest_route=%2Fwp%2Fv2%2Fcomments&post=322"}],"version-history":[{"count":94,"href":"https:\/\/labo-dental.com\/index.php?rest_route=\/wp\/v2\/pages\/322\/revisions"}],"predecessor-version":[{"id":2157,"href":"https:\/\/labo-dental.com\/index.php?rest_route=\/wp\/v2\/pages\/322\/revisions\/2157"}],"wp:attachment":[{"href":"https:\/\/labo-dental.com\/index.php?rest_route=%2Fwp%2Fv2%2Fmedia&parent=322"}],"curies":[{"name":"wp","href":"https:\/\/api.w.org\/{rel}","templated":true}]}}