{"id":351,"date":"2025-01-28T09:08:50","date_gmt":"2025-01-28T09:08:50","guid":{"rendered":"https:\/\/labo-dental.com\/?page_id=351"},"modified":"2025-03-18T18:50:18","modified_gmt":"2025-03-18T18:50:18","slug":"droit-applicable","status":"publish","type":"page","link":"https:\/\/labo-dental.com\/?page_id=351","title":{"rendered":"Droit Applicable"},"content":{"rendered":"\t\t<div data-elementor-type=\"wp-page\" data-elementor-id=\"351\" class=\"elementor elementor-351\" data-elementor-post-type=\"page\">\n\t\t\t\t<div class=\"elementor-element elementor-element-f917fa2 e-flex e-con-boxed e-con e-parent\" data-id=\"f917fa2\" data-element_type=\"container\" data-e-type=\"container\">\n\t\t\t\t\t<div class=\"e-con-inner\">\n\t\t\t\t<div class=\"elementor-element elementor-element-1a18b9e elementor-widget elementor-widget-heading\" data-id=\"1a18b9e\" data-element_type=\"widget\" data-e-type=\"widget\" data-widget_type=\"heading.default\">\n\t\t\t\t<div class=\"elementor-widget-container\">\n\t\t\t\t\t<h2 class=\"elementor-heading-title elementor-size-default\">DROIT APPLICABLE <\/h2>\t\t\t\t<\/div>\n\t\t\t\t<\/div>\n\t\t\t\t<div class=\"elementor-element elementor-element-531c45e elementor-widget elementor-widget-heading\" data-id=\"531c45e\" data-element_type=\"widget\" data-e-type=\"widget\" data-widget_type=\"heading.default\">\n\t\t\t\t<div class=\"elementor-widget-container\">\n\t\t\t\t\t<h2 class=\"elementor-heading-title elementor-size-default\">Clause sur le Droit Applicable et les Juridictions comp\u00e9tentes-\n\nLabo Dental <\/h2>\t\t\t\t<\/div>\n\t\t\t\t<\/div>\n\t\t\t\t<div class=\"elementor-element elementor-element-19bb9d8 elementor-widget elementor-widget-text-editor\" data-id=\"19bb9d8\" data-element_type=\"widget\" data-e-type=\"widget\" data-widget_type=\"text-editor.default\">\n\t\t\t\t<div class=\"elementor-widget-container\">\n\t\t\t\t\t\t\t\t\t<p>\u00a0<\/p><p><span style=\"color: var( --e-global-color-efaf315 ); font-family: var( --e-global-typography-accent-font-family ), Sans-serif; font-weight: var( --e-global-typography-accent-font-weight ); text-align: var(--text-align); font-size: 1rem;\">Les pr\u00e9sentes mentions l\u00e9gales, politiques, conditions g\u00e9n\u00e9rales d\u2019utilisation (CGU), et tout document ou contrat conclu avec Labo Dental sont r\u00e9gis exclusivement par le droit fran\u00e7ais. Cette disposition garantit que toutes les obligations et responsabilit\u00e9s des parties sont interpr\u00e9t\u00e9es et ex\u00e9cut\u00e9es conform\u00e9ment \u00e0 la l\u00e9gislation en vigueur en France.<\/span><\/p><p><u>Juridictions Comp\u00e9tentes<\/u><\/p><p>En cas de diff\u00e9rend, litige ou contestation li\u00e9(e) \u00e0 l\u2019utilisation du site internet, \u00e0 la relation contractuelle ou \u00e0 l\u2019ex\u00e9cution des prestations fournies par Labo Dental, les parties conviennent de privil\u00e9gier une r\u00e9solution amiable.<\/p><p>Si une solution amiable ne peut \u00eatre trouv\u00e9e dans un d\u00e9lai raisonnable, le litige sera soumis \u00e0 la comp\u00e9tence exclusive des tribunaux comp\u00e9tents du ressort du si\u00e8ge social de Labo Dental, soit les tribunaux de Paris, sauf disposition l\u00e9gale imp\u00e9rative contraire.<\/p><p><u>Clause de M\u00e9diation<\/u><\/p><p>Conform\u00e9ment aux articles L.612-1 et suivants du Code de la consommation, si vous \u00eates un consommateur, vous avez la possibilit\u00e9 de recourir gratuitement \u00e0 un m\u00e9diateur de la consommation pour r\u00e9soudre le litige. Les coordonn\u00e9es du m\u00e9diateur sont disponibles sur demande via notre service client :<br \/><img decoding=\"async\" class=\"emoji lazyload\" role=\"img\" draggable=\"false\" data-src=\"https:\/\/s.w.org\/images\/core\/emoji\/15.0.3\/svg\/1f4e7.svg\" alt=\"\ud83d\udce7\" src=\"data:image\/svg+xml;base64,PHN2ZyB3aWR0aD0iMSIgaGVpZ2h0PSIxIiB4bWxucz0iaHR0cDovL3d3dy53My5vcmcvMjAwMC9zdmciPjwvc3ZnPg==\" \/> E-mail : contact@labodental.fr<br \/><img decoding=\"async\" class=\"emoji lazyload\" role=\"img\" draggable=\"false\" data-src=\"https:\/\/s.w.org\/images\/core\/emoji\/15.0.3\/svg\/1f4de.svg\" alt=\"\ud83d\udcde\" src=\"data:image\/svg+xml;base64,PHN2ZyB3aWR0aD0iMSIgaGVpZ2h0PSIxIiB4bWxucz0iaHR0cDovL3d3dy53My5vcmcvMjAwMC9zdmciPjwvc3ZnPg==\" \/> T\u00e9l\u00e9phone : 09 70 70 52 34<\/p><p>Vous pouvez \u00e9galement consulter la plateforme de r\u00e8glement en ligne des litiges (ODR) de la Commission Europ\u00e9enne accessible \u00e0 l\u2019adresse suivante :<br \/><img decoding=\"async\" class=\"emoji lazyload\" role=\"img\" draggable=\"false\" data-src=\"https:\/\/s.w.org\/images\/core\/emoji\/15.0.3\/svg\/1f310.svg\" alt=\"\ud83c\udf10\" src=\"data:image\/svg+xml;base64,PHN2ZyB3aWR0aD0iMSIgaGVpZ2h0PSIxIiB4bWxucz0iaHR0cDovL3d3dy53My5vcmcvMjAwMC9zdmciPjwvc3ZnPg==\" \/> https:\/\/ec.europa.eu\/consumers\/odr\/<\/p><p><u>Renonciation Partielle<\/u><\/p><p>Si une ou plusieurs dispositions de cette clause ou des documents associ\u00e9s devaient \u00eatre jug\u00e9es nulles, ill\u00e9gales ou inapplicables par une juridiction comp\u00e9tente, cela n\u2019affectera pas la validit\u00e9 des autres dispositions, qui resteront pleinement en vigueur.<\/p><p><img decoding=\"async\" class=\"emoji lazyload\" role=\"img\" draggable=\"false\" data-src=\"https:\/\/s.w.org\/images\/core\/emoji\/15.0.3\/svg\/1f4e9.svg\" alt=\"\ud83d\udce9\" src=\"data:image\/svg+xml;base64,PHN2ZyB3aWR0aD0iMSIgaGVpZ2h0PSIxIiB4bWxucz0iaHR0cDovL3d3dy53My5vcmcvMjAwMC9zdmciPjwvc3ZnPg==\" \/> Contactez-nous : Pour toute question ou assistance concernant cette clause ou vos droits, notre \u00e9quipe reste \u00e0 votre disposition.<\/p><p>Labo Dental \u2013 Votre partenaire en toute transparence et conformit\u00e9\u00a0juridique.<\/p>\t\t\t\t\t\t\t\t<\/div>\n\t\t\t\t<\/div>\n\t\t\t\t\t<\/div>\n\t\t\t\t<\/div>\n\t\t\t\t<\/div>\n\t\t","protected":false},"excerpt":{"rendered":"<p>DROIT APPLICABLE Clause sur le Droit Applicable et les Juridictions comp\u00e9tentes- Labo Dental \u00a0 Les pr\u00e9sentes mentions l\u00e9gales, politiques, conditions g\u00e9n\u00e9rales d\u2019utilisation (CGU), et tout document ou contrat conclu avec Labo Dental sont r\u00e9gis exclusivement par le droit fran\u00e7ais. Cette disposition garantit que toutes les obligations et responsabilit\u00e9s des parties sont interpr\u00e9t\u00e9es et ex\u00e9cut\u00e9es conform\u00e9ment [&hellip;]<\/p>\n","protected":false},"author":1,"featured_media":0,"parent":0,"menu_order":-2,"comment_status":"closed","ping_status":"closed","template":"","meta":{"footnotes":""},"class_list":["post-351","page","type-page","status-publish","hentry"],"amp_enabled":true,"_links":{"self":[{"href":"https:\/\/labo-dental.com\/index.php?rest_route=\/wp\/v2\/pages\/351","targetHints":{"allow":["GET"]}}],"collection":[{"href":"https:\/\/labo-dental.com\/index.php?rest_route=\/wp\/v2\/pages"}],"about":[{"href":"https:\/\/labo-dental.com\/index.php?rest_route=\/wp\/v2\/types\/page"}],"author":[{"embeddable":true,"href":"https:\/\/labo-dental.com\/index.php?rest_route=\/wp\/v2\/users\/1"}],"replies":[{"embeddable":true,"href":"https:\/\/labo-dental.com\/index.php?rest_route=%2Fwp%2Fv2%2Fcomments&post=351"}],"version-history":[{"count":28,"href":"https:\/\/labo-dental.com\/index.php?rest_route=\/wp\/v2\/pages\/351\/revisions"}],"predecessor-version":[{"id":680,"href":"https:\/\/labo-dental.com\/index.php?rest_route=\/wp\/v2\/pages\/351\/revisions\/680"}],"wp:attachment":[{"href":"https:\/\/labo-dental.com\/index.php?rest_route=%2Fwp%2Fv2%2Fmedia&parent=351"}],"curies":[{"name":"wp","href":"https:\/\/api.w.org\/{rel}","templated":true}]}}